{"id":731,"date":"2026-02-25T09:42:25","date_gmt":"2026-02-25T09:42:25","guid":{"rendered":"https:\/\/x5tech.com.tr\/?post_type=product&#038;p=731"},"modified":"2026-03-06T08:13:04","modified_gmt":"2026-03-06T08:13:04","slug":"x5tech-mini-ups-cihazi-modem-wifi-kamera-ve-zayif-akim-cihazlari-icin","status":"publish","type":"product","link":"https:\/\/x5tech.com.tr\/index.php\/urun\/x5tech-mini-ups-cihazi-modem-wifi-kamera-ve-zayif-akim-cihazlari-icin\/","title":{"rendered":"X5Tech Mini UPS Cihaz\u0131 &#8211; Modem Wifi Kamera ve Zay\u0131f Ak\u0131m Cihazlar\u0131 \u0130\u00e7in"},"content":{"rendered":"<p data-start=\"222\" data-end=\"308\"><strong data-start=\"222\" data-end=\"308\">esintisiz G\u00fc\u00e7 Kayna\u011f\u0131 \u2013 Modem, Wi-Fi Kamera ve Zay\u0131f Ak\u0131m Cihazlar\u0131 \u0130\u00e7in Mini UPS<\/strong><\/p>\r\n<p data-start=\"310\" data-end=\"704\"><strong data-start=\"310\" data-end=\"351\"><span class=\"inline align-baseline\"><span class=\"whitespace-normal\"><span class=\"hover:entity-accent entity-underline cursor-pointer\">X5Tech SCT-UPS 5-12V Dc Modem Ups <\/span><\/span><\/span><\/strong>ve benzeri mini UPS\u2019ler, ev ve i\u015f yerlerindeki <strong data-start=\"401\" data-end=\"471\">modem, wi-fi router, IP kamera, CCTV ve di\u011fer zay\u0131f ak\u0131m cihazlar\u0131<\/strong> i\u00e7in \u00f6zel olarak kompakt <strong data-start=\"509\" data-end=\"535\">kesintisiz g\u00fc\u00e7 kayna\u011f\u0131<\/strong> sa\u011flar. Elektrik kesintilerinde otomatik olarak bataryaya ge\u00e7i\u015f yaparak cihazlar\u0131n\u0131z\u0131 g\u00fcvenli ve kesintisiz \u00e7al\u0131\u015f\u0131r durumda tutar.<\/p>\r\n<p style=\"text-align: center;\"><iframe title=\"Mini UPS ile Wifi Kamera Kesintisiz \u00c7al\u0131\u015f\u0131r #reklam #teknoloji #x5tech #youtube #e\u011fitim\" src=\"https:\/\/www.youtube.com\/embed\/2IIBA88AkJk\" width=\"342\" height=\"607\" frameborder=\"0\" allowfullscreen=\"allowfullscreen\"><\/iframe><\/p>\r\n<hr data-start=\"706\" data-end=\"709\" \/>\r\n<h3 data-start=\"711\" data-end=\"733\">\u26a1 Temel \u00d6zellikler<\/h3>\r\n<ul data-start=\"735\" data-end=\"1625\">\r\n<li data-start=\"735\" data-end=\"885\">\r\n<p data-start=\"737\" data-end=\"885\"><strong data-start=\"737\" data-end=\"760\">Kesintisiz \u00c7al\u0131\u015fma:<\/strong> Elektrik gidince cihaz\u0131n\u0131z an\u0131nda Mini UPS bataryas\u0131ndan g\u00fc\u00e7 al\u0131r, kesinti ya\u015fatmaz.<\/p>\r\n<\/li>\r\n<li data-start=\"886\" data-end=\"1076\">\r\n<p data-start=\"888\" data-end=\"1076\"><strong data-start=\"888\" data-end=\"915\">Geni\u015f Cihaz Uyumlulu\u011fu:<\/strong> 5V \/ 9V \/ 12V gibi yayg\u0131n DC \u00e7\u0131k\u0131\u015flarla modem, y\u00f6nlendirici, IP ve CCTV kameralar gibi zay\u0131f ak\u0131m cihazlar\u0131n\u0131 destekler.<\/p>\r\n<\/li>\r\n<li data-start=\"1077\" data-end=\"1277\">\r\n<p data-start=\"1079\" data-end=\"1277\"><strong data-start=\"1079\" data-end=\"1107\">Ak\u0131ll\u0131 Batarya Y\u00f6netimi:<\/strong> Bataryay\u0131 a\u015f\u0131r\u0131 \u015farj, derin de\u015farj ve k\u0131sa devre gibi durumlara kar\u015f\u0131 koruyan g\u00fcvenlik devreleri ile uzun \u00f6m\u00fcrl\u00fc kullan\u0131m sa\u011flar.<\/p>\r\n<\/li>\r\n<li data-start=\"1278\" data-end=\"1482\">\r\n<p data-start=\"1280\" data-end=\"1482\"><strong data-start=\"1280\" data-end=\"1307\">Kompakt ve Ta\u015f\u0131nabilir:<\/strong> K\u00fc\u00e7\u00fck boyutlu tasar\u0131m sayesinde kolay montaj ve yerle\u015fim sunar; masa\u00fcst\u00fcnde, rack kabinlerde veya duvar montaj\u0131nda uygun.<\/p>\r\n<\/li>\r\n<li data-start=\"1483\" data-end=\"1625\">\r\n<p data-start=\"1485\" data-end=\"1625\"><strong data-start=\"1485\" data-end=\"1510\">Plug &amp; Play Kullan\u0131m:<\/strong> Basit ba\u011flant\u0131 yap\u0131s\u0131 ile adapt\u00f6r \u00e7\u0131kar-tak mant\u0131\u011f\u0131yla h\u0131zl\u0131 kurulum imkan\u0131.<\/p>\r\n<\/li>\r\n<\/ul>\r\n<div id=\"attachment_734\" style=\"width: 310px\" class=\"wp-caption aligncenter\"><img fetchpriority=\"high\" decoding=\"async\" aria-describedby=\"caption-attachment-734\" class=\"size-medium wp-image-734\" src=\"https:\/\/x5tech.com.tr\/wp-content\/uploads\/2026\/02\/X5Tech-Mini-UPS-Cihazi-Modem-Wifi-Kamera-ve-Zayif-Akim-Cihazlari-Icin-4-300x300.jpg\" alt=\"X5Tech Mini UPS Cihaz\u0131 - Modem Wifi Kamera ve Zay\u0131f Ak\u0131m Cihazlar\u0131 \u0130\u00e7in\" width=\"300\" height=\"300\" srcset=\"https:\/\/x5tech.com.tr\/wp-content\/uploads\/2026\/02\/X5Tech-Mini-UPS-Cihazi-Modem-Wifi-Kamera-ve-Zayif-Akim-Cihazlari-Icin-4-300x300.jpg 300w, https:\/\/x5tech.com.tr\/wp-content\/uploads\/2026\/02\/X5Tech-Mini-UPS-Cihazi-Modem-Wifi-Kamera-ve-Zayif-Akim-Cihazlari-Icin-4-150x150.jpg 150w, https:\/\/x5tech.com.tr\/wp-content\/uploads\/2026\/02\/X5Tech-Mini-UPS-Cihazi-Modem-Wifi-Kamera-ve-Zayif-Akim-Cihazlari-Icin-4-768x768.jpg 768w, https:\/\/x5tech.com.tr\/wp-content\/uploads\/2026\/02\/X5Tech-Mini-UPS-Cihazi-Modem-Wifi-Kamera-ve-Zayif-Akim-Cihazlari-Icin-4-600x600.jpg 600w, https:\/\/x5tech.com.tr\/wp-content\/uploads\/2026\/02\/X5Tech-Mini-UPS-Cihazi-Modem-Wifi-Kamera-ve-Zayif-Akim-Cihazlari-Icin-4-100x100.jpg 100w, https:\/\/x5tech.com.tr\/wp-content\/uploads\/2026\/02\/X5Tech-Mini-UPS-Cihazi-Modem-Wifi-Kamera-ve-Zayif-Akim-Cihazlari-Icin-4.jpg 1000w\" sizes=\"(max-width: 300px) 100vw, 300px\" \/><p id=\"caption-attachment-734\" class=\"wp-caption-text\">X5Tech Mini UPS Cihaz\u0131 &#8211; Modem Wifi Kamera ve Zay\u0131f Ak\u0131m Cihazlar\u0131 \u0130\u00e7in<\/p><\/div>\r\n<hr data-start=\"1627\" data-end=\"1630\" \/>\r\n<p data-start=\"179\" data-end=\"204\">\ud83d\udca1 <strong data-start=\"182\" data-end=\"204\">Kimler \u0130\u00e7in Uygun?<\/strong><\/p>\r\n<p data-start=\"206\" data-end=\"374\">\u2714\ufe0f <strong data-start=\"209\" data-end=\"230\">Ev kullan\u0131c\u0131lar\u0131:<\/strong> \u00d6zellikle elektrik kesintilerinde internet ve kamera takibini s\u00fcrd\u00fcrmek isteyenler i\u00e7in idealdir. Ayr\u0131ca modem ve router ba\u011flant\u0131s\u0131 kesilmez.<\/p>\r\n<p data-start=\"376\" data-end=\"520\">\u2714\ufe0f <strong data-start=\"379\" data-end=\"408\">K\u00fc\u00e7\u00fck ofis ve i\u015f yerleri:<\/strong> Modem veya switch ba\u011flant\u0131s\u0131n\u0131n s\u00fcrekli aktif olmas\u0131 gerekir. Bu nedenle kesintisiz g\u00fc\u00e7 b\u00fcy\u00fck avantaj sa\u011flar.<\/p>\r\n<p data-start=\"522\" data-end=\"705\">\u2714\ufe0f <strong data-start=\"525\" data-end=\"549\">G\u00fcvenlik sistemleri:<\/strong> IP\/CCTV kameralar, alarm sistemleri ve eri\u015fim kontrol cihazlar\u0131 i\u00e7in g\u00fcvenilir bir \u00e7\u00f6z\u00fcmd\u00fcr. B\u00f6ylece elektrik kesintilerinde sistem \u00e7al\u0131\u015fmaya devam eder.<\/p>\r\n<p data-start=\"707\" data-end=\"857\">\u2714\ufe0f <strong data-start=\"710\" data-end=\"737\">Zay\u0131f ak\u0131m altyap\u0131lar\u0131:<\/strong> Router, ONU\/ONT ve d\u00fc\u015f\u00fck voltajl\u0131 kontrol ekipmanlar\u0131 i\u00e7in uygundur. Bu sayede a\u011f altyap\u0131s\u0131 kesintilerden etkilenmez.<\/p>\r\n<hr data-start=\"859\" data-end=\"862\" \/>\r\n<p data-start=\"864\" data-end=\"892\">\ud83d\udee0\ufe0f <strong data-start=\"868\" data-end=\"892\">Kullan\u0131m Avantajlar\u0131<\/strong><\/p>\r\n<p data-start=\"894\" data-end=\"976\"><strong>\u00d6ncelikle,<\/strong> otomatik ge\u00e7i\u015f \u00f6zelli\u011fi ba\u011flant\u0131 kesintisini \u00f6nler.<\/p>\r\n<p data-start=\"978\" data-end=\"1051\"><strong data-start=\"981\" data-end=\"991\">Ayr\u0131ca<\/strong>, voltaj dalgalanmalar\u0131na kar\u015f\u0131 daha g\u00fcvenilir g\u00fc\u00e7 sa\u011flar.<\/p>\r\n<p data-start=\"1053\" data-end=\"1118\"><strong data-start=\"1056\" data-end=\"1073\">Bunun yan\u0131nda<\/strong>, cihazlar\u0131n \u00f6mr\u00fcn\u00fc uzatmaya yard\u0131mc\u0131 olur.<\/p>\r\n<p data-start=\"1120\" data-end=\"1195\"><strong data-start=\"1123\" data-end=\"1137\">Son olarak<\/strong>, minimal bak\u0131m gerektirir ve kurulumu olduk\u00e7a kolayd\u0131r.<\/p>\r\n<p data-start=\"2108\" data-end=\"2307\">\u00a0<\/p>\r\n<p data-start=\"2108\" data-end=\"2307\"><\/p>\r\n<p>Ba\u011flant\u0131lar<\/p>\r\n<p data-start=\"2108\" data-end=\"2307\">\r\n\r\n<\/p>\r\n<p>Sipari\u015f Sayfas\u0131: <a href=\"https:\/\/x5tech.com.tr\/index.php\/urun\/x5tech-mini-ups-cihazi-modem-wifi-kamera-ve-zayif-akim-cihazlari-icin\/\">https:\/\/x5tech.com.tr\/index.php\/urun\/x5tech-mini-ups-cihazi-modem-wifi-kamera-ve-zayif-akim-cihazlari-icin\/<\/a><\/p>\r\n<p>Yaz\u0131 \u0130lgili Makale: <a href=\"https:\/\/x5tech.com.tr\/index.php\/2026\/02\/25\/mini-ups-ile-wifi-kamera-elektrik-kesintisinde-kesintisiz-nasil-calisir\/\">https:\/\/x5tech.com.tr\/index.php\/2026\/02\/25\/mini-ups-ile-wifi-kamera-elektrik-kesintisinde-kesintisiz-nasil-calisir\/<\/a><\/p>\r\n<p data-start=\"2108\" data-end=\"2307\">\r\n\r\n<\/p>\r\n<p>YouTube:\u00a0<a href=\"https:\/\/www.youtube.com\/@apronguvenliksistemleri\">https:\/\/www.youtube.com\/@apronguvenliksistemleri<\/a><\/p>\r\n<p data-start=\"2108\" data-end=\"2307\">\r\n\r\n<\/p>\r\n<p>Video: <a href=\"https:\/\/youtube.com\/shorts\/2IIBA88AkJk\">https:\/\/youtube.com\/shorts\/2IIBA88AkJk<\/a><\/p>\r\n<p data-start=\"2108\" data-end=\"2307\">\r\n\r\n<\/p>\r\n<p>\u0130nstagram:\u00a0<a href=\"https:\/\/www.instagram.com\/x5_tech\/\">https:\/\/www.instagram.com\/x5_tech\/<\/a><\/p>\r\n<p>Pinterest: <a href=\"https:\/\/tr.pinterest.com\/x5tech\/x5tech-%C3%BCr%C3%BCnleri\/\">https:\/\/tr.pinterest.com\/x5tech\/x5tech-%C3%BCr%C3%BCnleri\/<\/a><\/p>\r\n<p data-start=\"2108\" data-end=\"2307\">\r\n\r\n<\/p>\r\n<p>Google:\u00a0<a href=\"https:\/\/share.google\/hf2RouPIuHFSvokCx\">https:\/\/share.google\/hf2RouPIuHFSvokCx<\/a><\/p>\r\n<p data-start=\"2108\" data-end=\"2307\">\r\n\r\n<\/p>\r\n<p>Facebook:\u00a0<a href=\"https:\/\/www.facebook.com\/Apronguvenlik\">https:\/\/www.facebook.com\/Apronguvenlik<\/a><\/p>\r\n<p data-start=\"2108\" data-end=\"2307\">\r\n\r\n<\/p>\r\n<p>Web Sitemiz:\u00a0<a href=\"https:\/\/www.x5tech.com.tr\/\">https:\/\/www.x5tech.com.tr<\/a><\/p>\r\n<p data-start=\"2108\" data-end=\"2307\">\r\n\r\n<\/p>\r\n<p>WhatsApp:\u00a0<a href=\"https:\/\/wa.me\/905426385201\">https:\/\/wa.me\/905426385201<\/a><\/p>\r\n<p data-start=\"2108\" data-end=\"2307\"><\/p>","protected":false},"excerpt":{"rendered":"<p>Fiyatlara KDV Dahildir<\/p>\n","protected":false},"featured_media":732,"comment_status":"open","ping_status":"closed","template":"","meta":[],"product_brand":[41],"product_cat":[15,39],"product_tag":[78,75,76,77,79],"class_list":{"0":"post-731","1":"product","2":"type-product","3":"status-publish","4":"has-post-thumbnail","6":"product_brand-x5tech","7":"product_cat-genel","8":"product_cat-adaptorler","9":"product_tag-12v-dc-ups","10":"product_tag-mini-ups","11":"product_tag-modem-ups","12":"product_tag-wifi-kamera-kesintisiz-guc-kaynagi","13":"product_tag-zayif-akim-ups","15":"first","16":"instock","17":"taxable","18":"shipping-taxable","19":"purchasable","20":"product-type-simple"},"yoast_head":"<!-- This site is optimized with the Yoast SEO plugin v27.0 - https:\/\/yoast.com\/product\/yoast-seo-wordpress\/ -->\n<title>Mini UPS Cihaz\u0131 - Modem Wifi Kamera ve Zay\u0131f Ak\u0131m Cihazlar\u0131na<\/title>\n<meta name=\"description\" content=\"X5Tech SCT-UPS 5-12V Dc Modem Ups ve benzeri mini UPS\u2019ler, ev ve i\u015f yerlerindeki modem, wi-fi router, IP kamera, CCTV ve di\u011fer zay\u0131f ak\u0131m cihazlar\u0131 i\u00e7in!\" \/>\n<meta name=\"robots\" content=\"index, follow, max-snippet:-1, max-image-preview:large, max-video-preview:-1\" \/>\n<link rel=\"canonical\" href=\"https:\/\/x5tech.com.tr\/index.php\/urun\/x5tech-mini-ups-cihazi-modem-wifi-kamera-ve-zayif-akim-cihazlari-icin\/\" \/>\n<meta property=\"og:locale\" content=\"tr_TR\" \/>\n<meta property=\"og:type\" content=\"article\" \/>\n<meta property=\"og:title\" content=\"Mini UPS Cihaz\u0131 - Modem Wifi Kamera ve Zay\u0131f Ak\u0131m Cihazlar\u0131na\" \/>\n<meta property=\"og:description\" content=\"X5Tech SCT-UPS 5-12V Dc Modem Ups ve benzeri mini UPS\u2019ler, ev ve i\u015f yerlerindeki modem, wi-fi router, IP kamera, CCTV ve di\u011fer zay\u0131f ak\u0131m cihazlar\u0131 i\u00e7in!\" \/>\n<meta property=\"og:url\" content=\"https:\/\/x5tech.com.tr\/index.php\/urun\/x5tech-mini-ups-cihazi-modem-wifi-kamera-ve-zayif-akim-cihazlari-icin\/\" \/>\n<meta property=\"og:site_name\" content=\"X5Tech G\u00fcvenlik Ekipmanlar\u0131\" \/>\n<meta property=\"article:modified_time\" content=\"2026-03-06T08:13:04+00:00\" \/>\n<meta property=\"og:image\" content=\"https:\/\/x5tech.com.tr\/wp-content\/uploads\/2026\/02\/X5Tech-Mini-UPS-Cihazi-Modem-Wifi-Kamera-ve-Zayif-Akim-Cihazlari-Icin-2.jpg\" \/>\n\t<meta property=\"og:image:width\" content=\"1000\" \/>\n\t<meta property=\"og:image:height\" content=\"1000\" \/>\n\t<meta property=\"og:image:type\" content=\"image\/jpeg\" \/>\n<meta name=\"twitter:card\" content=\"summary_large_image\" \/>\n<meta name=\"twitter:label1\" content=\"Tahmini okuma s\u00fcresi\" \/>\n\t<meta name=\"twitter:data1\" content=\"3 dakika\" \/>\n<script type=\"application\/ld+json\" class=\"yoast-schema-graph\">{\"@context\":\"https:\/\/schema.org\",\"@graph\":[{\"@type\":\"WebPage\",\"@id\":\"https:\/\/x5tech.com.tr\/index.php\/urun\/x5tech-mini-ups-cihazi-modem-wifi-kamera-ve-zayif-akim-cihazlari-icin\/\",\"url\":\"https:\/\/x5tech.com.tr\/index.php\/urun\/x5tech-mini-ups-cihazi-modem-wifi-kamera-ve-zayif-akim-cihazlari-icin\/\",\"name\":\"Mini UPS Cihaz\u0131 - Modem Wifi Kamera ve Zay\u0131f Ak\u0131m Cihazlar\u0131na\",\"isPartOf\":{\"@id\":\"https:\/\/x5tech.com.tr\/#website\"},\"primaryImageOfPage\":{\"@id\":\"https:\/\/x5tech.com.tr\/index.php\/urun\/x5tech-mini-ups-cihazi-modem-wifi-kamera-ve-zayif-akim-cihazlari-icin\/#primaryimage\"},\"image\":{\"@id\":\"https:\/\/x5tech.com.tr\/index.php\/urun\/x5tech-mini-ups-cihazi-modem-wifi-kamera-ve-zayif-akim-cihazlari-icin\/#primaryimage\"},\"thumbnailUrl\":\"https:\/\/x5tech.com.tr\/wp-content\/uploads\/2026\/02\/X5Tech-Mini-UPS-Cihazi-Modem-Wifi-Kamera-ve-Zayif-Akim-Cihazlari-Icin-2.jpg\",\"datePublished\":\"2026-02-25T09:42:25+00:00\",\"dateModified\":\"2026-03-06T08:13:04+00:00\",\"description\":\"X5Tech SCT-UPS 5-12V Dc Modem Ups ve benzeri mini UPS\u2019ler, ev ve i\u015f yerlerindeki modem, wi-fi router, IP kamera, CCTV ve di\u011fer zay\u0131f ak\u0131m cihazlar\u0131 i\u00e7in!\",\"breadcrumb\":{\"@id\":\"https:\/\/x5tech.com.tr\/index.php\/urun\/x5tech-mini-ups-cihazi-modem-wifi-kamera-ve-zayif-akim-cihazlari-icin\/#breadcrumb\"},\"inLanguage\":\"tr\",\"potentialAction\":[{\"@type\":\"ReadAction\",\"target\":[\"https:\/\/x5tech.com.tr\/index.php\/urun\/x5tech-mini-ups-cihazi-modem-wifi-kamera-ve-zayif-akim-cihazlari-icin\/\"]}]},{\"@type\":\"ImageObject\",\"inLanguage\":\"tr\",\"@id\":\"https:\/\/x5tech.com.tr\/index.php\/urun\/x5tech-mini-ups-cihazi-modem-wifi-kamera-ve-zayif-akim-cihazlari-icin\/#primaryimage\",\"url\":\"https:\/\/x5tech.com.tr\/wp-content\/uploads\/2026\/02\/X5Tech-Mini-UPS-Cihazi-Modem-Wifi-Kamera-ve-Zayif-Akim-Cihazlari-Icin-2.jpg\",\"contentUrl\":\"https:\/\/x5tech.com.tr\/wp-content\/uploads\/2026\/02\/X5Tech-Mini-UPS-Cihazi-Modem-Wifi-Kamera-ve-Zayif-Akim-Cihazlari-Icin-2.jpg\",\"width\":1000,\"height\":1000,\"caption\":\"X5Tech Mini UPS Cihaz\u0131 - Modem Wifi Kamera ve Zay\u0131f Ak\u0131m Cihazlar\u0131 \u0130\u00e7in\"},{\"@type\":\"BreadcrumbList\",\"@id\":\"https:\/\/x5tech.com.tr\/index.php\/urun\/x5tech-mini-ups-cihazi-modem-wifi-kamera-ve-zayif-akim-cihazlari-icin\/#breadcrumb\",\"itemListElement\":[{\"@type\":\"ListItem\",\"position\":1,\"name\":\"Anasayfa\",\"item\":\"https:\/\/x5tech.com.tr\/\"},{\"@type\":\"ListItem\",\"position\":2,\"name\":\"Ma\u011faza\",\"item\":\"https:\/\/x5tech.com.tr\/index.php\/shop\/\"},{\"@type\":\"ListItem\",\"position\":3,\"name\":\"X5Tech Mini UPS Cihaz\u0131 &#8211; Modem Wifi Kamera ve Zay\u0131f Ak\u0131m Cihazlar\u0131 \u0130\u00e7in\"}]},{\"@type\":\"WebSite\",\"@id\":\"https:\/\/x5tech.com.tr\/#website\",\"url\":\"https:\/\/x5tech.com.tr\/\",\"name\":\"X5Tech G\u00fcvenlik Ekipmanlar\u0131\",\"description\":\"\",\"publisher\":{\"@id\":\"https:\/\/x5tech.com.tr\/#organization\"},\"potentialAction\":[{\"@type\":\"SearchAction\",\"target\":{\"@type\":\"EntryPoint\",\"urlTemplate\":\"https:\/\/x5tech.com.tr\/?s={search_term_string}\"},\"query-input\":{\"@type\":\"PropertyValueSpecification\",\"valueRequired\":true,\"valueName\":\"search_term_string\"}}],\"inLanguage\":\"tr\"},{\"@type\":\"Organization\",\"@id\":\"https:\/\/x5tech.com.tr\/#organization\",\"name\":\"X5Tech G\u00fcvenlik Ekipmanlar\u0131\",\"url\":\"https:\/\/x5tech.com.tr\/\",\"logo\":{\"@type\":\"ImageObject\",\"inLanguage\":\"tr\",\"@id\":\"https:\/\/x5tech.com.tr\/#\/schema\/logo\/image\/\",\"url\":\"https:\/\/x5tech.com.tr\/wp-content\/uploads\/2026\/01\/cropped-logo2.png\",\"contentUrl\":\"https:\/\/x5tech.com.tr\/wp-content\/uploads\/2026\/01\/cropped-logo2.png\",\"width\":167,\"height\":50,\"caption\":\"X5Tech G\u00fcvenlik Ekipmanlar\u0131\"},\"image\":{\"@id\":\"https:\/\/x5tech.com.tr\/#\/schema\/logo\/image\/\"}}]}<\/script>\n<!-- \/ Yoast SEO plugin. -->","yoast_head_json":{"title":"Mini UPS Cihaz\u0131 - Modem Wifi Kamera ve Zay\u0131f Ak\u0131m Cihazlar\u0131na","description":"X5Tech SCT-UPS 5-12V Dc Modem Ups ve benzeri mini UPS\u2019ler, ev ve i\u015f yerlerindeki modem, wi-fi router, IP kamera, CCTV ve di\u011fer zay\u0131f ak\u0131m cihazlar\u0131 i\u00e7in!","robots":{"index":"index","follow":"follow","max-snippet":"max-snippet:-1","max-image-preview":"max-image-preview:large","max-video-preview":"max-video-preview:-1"},"canonical":"https:\/\/x5tech.com.tr\/index.php\/urun\/x5tech-mini-ups-cihazi-modem-wifi-kamera-ve-zayif-akim-cihazlari-icin\/","og_locale":"tr_TR","og_type":"article","og_title":"Mini UPS Cihaz\u0131 - Modem Wifi Kamera ve Zay\u0131f Ak\u0131m Cihazlar\u0131na","og_description":"X5Tech SCT-UPS 5-12V Dc Modem Ups ve benzeri mini UPS\u2019ler, ev ve i\u015f yerlerindeki modem, wi-fi router, IP kamera, CCTV ve di\u011fer zay\u0131f ak\u0131m cihazlar\u0131 i\u00e7in!","og_url":"https:\/\/x5tech.com.tr\/index.php\/urun\/x5tech-mini-ups-cihazi-modem-wifi-kamera-ve-zayif-akim-cihazlari-icin\/","og_site_name":"X5Tech G\u00fcvenlik Ekipmanlar\u0131","article_modified_time":"2026-03-06T08:13:04+00:00","og_image":[{"width":1000,"height":1000,"url":"https:\/\/x5tech.com.tr\/wp-content\/uploads\/2026\/02\/X5Tech-Mini-UPS-Cihazi-Modem-Wifi-Kamera-ve-Zayif-Akim-Cihazlari-Icin-2.jpg","type":"image\/jpeg"}],"twitter_card":"summary_large_image","twitter_misc":{"Tahmini okuma s\u00fcresi":"3 dakika"},"schema":{"@context":"https:\/\/schema.org","@graph":[{"@type":"WebPage","@id":"https:\/\/x5tech.com.tr\/index.php\/urun\/x5tech-mini-ups-cihazi-modem-wifi-kamera-ve-zayif-akim-cihazlari-icin\/","url":"https:\/\/x5tech.com.tr\/index.php\/urun\/x5tech-mini-ups-cihazi-modem-wifi-kamera-ve-zayif-akim-cihazlari-icin\/","name":"Mini UPS Cihaz\u0131 - Modem Wifi Kamera ve Zay\u0131f Ak\u0131m Cihazlar\u0131na","isPartOf":{"@id":"https:\/\/x5tech.com.tr\/#website"},"primaryImageOfPage":{"@id":"https:\/\/x5tech.com.tr\/index.php\/urun\/x5tech-mini-ups-cihazi-modem-wifi-kamera-ve-zayif-akim-cihazlari-icin\/#primaryimage"},"image":{"@id":"https:\/\/x5tech.com.tr\/index.php\/urun\/x5tech-mini-ups-cihazi-modem-wifi-kamera-ve-zayif-akim-cihazlari-icin\/#primaryimage"},"thumbnailUrl":"https:\/\/x5tech.com.tr\/wp-content\/uploads\/2026\/02\/X5Tech-Mini-UPS-Cihazi-Modem-Wifi-Kamera-ve-Zayif-Akim-Cihazlari-Icin-2.jpg","datePublished":"2026-02-25T09:42:25+00:00","dateModified":"2026-03-06T08:13:04+00:00","description":"X5Tech SCT-UPS 5-12V Dc Modem Ups ve benzeri mini UPS\u2019ler, ev ve i\u015f yerlerindeki modem, wi-fi router, IP kamera, CCTV ve di\u011fer zay\u0131f ak\u0131m cihazlar\u0131 i\u00e7in!","breadcrumb":{"@id":"https:\/\/x5tech.com.tr\/index.php\/urun\/x5tech-mini-ups-cihazi-modem-wifi-kamera-ve-zayif-akim-cihazlari-icin\/#breadcrumb"},"inLanguage":"tr","potentialAction":[{"@type":"ReadAction","target":["https:\/\/x5tech.com.tr\/index.php\/urun\/x5tech-mini-ups-cihazi-modem-wifi-kamera-ve-zayif-akim-cihazlari-icin\/"]}]},{"@type":"ImageObject","inLanguage":"tr","@id":"https:\/\/x5tech.com.tr\/index.php\/urun\/x5tech-mini-ups-cihazi-modem-wifi-kamera-ve-zayif-akim-cihazlari-icin\/#primaryimage","url":"https:\/\/x5tech.com.tr\/wp-content\/uploads\/2026\/02\/X5Tech-Mini-UPS-Cihazi-Modem-Wifi-Kamera-ve-Zayif-Akim-Cihazlari-Icin-2.jpg","contentUrl":"https:\/\/x5tech.com.tr\/wp-content\/uploads\/2026\/02\/X5Tech-Mini-UPS-Cihazi-Modem-Wifi-Kamera-ve-Zayif-Akim-Cihazlari-Icin-2.jpg","width":1000,"height":1000,"caption":"X5Tech Mini UPS Cihaz\u0131 - Modem Wifi Kamera ve Zay\u0131f Ak\u0131m Cihazlar\u0131 \u0130\u00e7in"},{"@type":"BreadcrumbList","@id":"https:\/\/x5tech.com.tr\/index.php\/urun\/x5tech-mini-ups-cihazi-modem-wifi-kamera-ve-zayif-akim-cihazlari-icin\/#breadcrumb","itemListElement":[{"@type":"ListItem","position":1,"name":"Anasayfa","item":"https:\/\/x5tech.com.tr\/"},{"@type":"ListItem","position":2,"name":"Ma\u011faza","item":"https:\/\/x5tech.com.tr\/index.php\/shop\/"},{"@type":"ListItem","position":3,"name":"X5Tech Mini UPS Cihaz\u0131 &#8211; Modem Wifi Kamera ve Zay\u0131f Ak\u0131m Cihazlar\u0131 \u0130\u00e7in"}]},{"@type":"WebSite","@id":"https:\/\/x5tech.com.tr\/#website","url":"https:\/\/x5tech.com.tr\/","name":"X5Tech G\u00fcvenlik Ekipmanlar\u0131","description":"","publisher":{"@id":"https:\/\/x5tech.com.tr\/#organization"},"potentialAction":[{"@type":"SearchAction","target":{"@type":"EntryPoint","urlTemplate":"https:\/\/x5tech.com.tr\/?s={search_term_string}"},"query-input":{"@type":"PropertyValueSpecification","valueRequired":true,"valueName":"search_term_string"}}],"inLanguage":"tr"},{"@type":"Organization","@id":"https:\/\/x5tech.com.tr\/#organization","name":"X5Tech G\u00fcvenlik Ekipmanlar\u0131","url":"https:\/\/x5tech.com.tr\/","logo":{"@type":"ImageObject","inLanguage":"tr","@id":"https:\/\/x5tech.com.tr\/#\/schema\/logo\/image\/","url":"https:\/\/x5tech.com.tr\/wp-content\/uploads\/2026\/01\/cropped-logo2.png","contentUrl":"https:\/\/x5tech.com.tr\/wp-content\/uploads\/2026\/01\/cropped-logo2.png","width":167,"height":50,"caption":"X5Tech G\u00fcvenlik Ekipmanlar\u0131"},"image":{"@id":"https:\/\/x5tech.com.tr\/#\/schema\/logo\/image\/"}}]}},"_links":{"self":[{"href":"https:\/\/x5tech.com.tr\/index.php\/wp-json\/wp\/v2\/product\/731","targetHints":{"allow":["GET"]}}],"collection":[{"href":"https:\/\/x5tech.com.tr\/index.php\/wp-json\/wp\/v2\/product"}],"about":[{"href":"https:\/\/x5tech.com.tr\/index.php\/wp-json\/wp\/v2\/types\/product"}],"replies":[{"embeddable":true,"href":"https:\/\/x5tech.com.tr\/index.php\/wp-json\/wp\/v2\/comments?post=731"}],"wp:featuredmedia":[{"embeddable":true,"href":"https:\/\/x5tech.com.tr\/index.php\/wp-json\/wp\/v2\/media\/732"}],"wp:attachment":[{"href":"https:\/\/x5tech.com.tr\/index.php\/wp-json\/wp\/v2\/media?parent=731"}],"wp:term":[{"taxonomy":"product_brand","embeddable":true,"href":"https:\/\/x5tech.com.tr\/index.php\/wp-json\/wp\/v2\/product_brand?post=731"},{"taxonomy":"product_cat","embeddable":true,"href":"https:\/\/x5tech.com.tr\/index.php\/wp-json\/wp\/v2\/product_cat?post=731"},{"taxonomy":"product_tag","embeddable":true,"href":"https:\/\/x5tech.com.tr\/index.php\/wp-json\/wp\/v2\/product_tag?post=731"}],"curies":[{"name":"wp","href":"https:\/\/api.w.org\/{rel}","templated":true}]}}