{"id":686,"date":"2026-02-10T08:48:31","date_gmt":"2026-02-10T08:48:31","guid":{"rendered":"https:\/\/x5tech.com.tr\/?post_type=product&#038;p=686"},"modified":"2026-02-10T09:59:09","modified_gmt":"2026-02-10T09:59:09","slug":"x5tech-rx-66ws-wifi-3-lensli-5-volt-2a-solar-kablosuz-guvenlik-kamerasi","status":"publish","type":"product","link":"https:\/\/x5tech.com.tr\/index.php\/urun\/x5tech-rx-66ws-wifi-3-lensli-5-volt-2a-solar-kablosuz-guvenlik-kamerasi\/","title":{"rendered":"X5Tech RX-66WS Wifi 3 Lensli 5 Volt 2A Solar Kablosuz G\u00fcvenlik Kameras\u0131"},"content":{"rendered":"<p><strong>X5Tech RX-66WS Wifi 3 Lensli 5 Volt 2A Solar Kablosuz G\u00fcvenlik Kameras\u0131<\/strong><\/p>\n<p><strong>3MP+3MP+3MP 3 Kamera<br \/>\n<\/strong>1 PT Kamera<br \/>\n2 Manuel Hareketli Sa\u011f Sol Kamera<br \/>\nDual Led Gece G\u00f6r\u00fc\u015f\u00fc<br \/>\n5 Volt 2 Amper G\u00fc\u00e7 Gereksinimi<br \/>\nSolar Panelli<br \/>\n12000 mAh Batarya<br \/>\nTF Kart Deste\u011fi<br \/>\nT\u00fcrk\u00e7e Sesli Uyar\u0131 ve Y\u00f6nlendirme<br \/>\n\u00c7akar Led ve Alarm<br \/>\nT\u00fcrk\u00e7e Yaz\u0131l\u0131m Deste\u011fi<br \/>\nV380 Pro Android \/ IOS Yaz\u0131l\u0131m Deste\u011fi<\/p>\n<p><iframe title=\"X5Tech RX-66WS Wifi 3 Lensli 5 Volt 2A Solar Kablosuz G\u00fcvenlik Kameras\u0131 #reklam #teknoloji\" src=\"https:\/\/www.youtube.com\/embed\/7DfoDk9XyO0\" width=\"342\" height=\"607\" frameborder=\"0\" allowfullscreen=\"allowfullscreen\"><\/iframe><\/p>\n<p data-start=\"233\" data-end=\"699\"><strong data-start=\"233\" data-end=\"308\">X5Tech RX-66WS Wifi 3 Lensli 5 Volt 2A Solar Kablosuz G\u00fcvenlik Kameras\u0131<\/strong>, d\u0131\u015f ve i\u00e7 mek\u00e2n g\u00fcvenli\u011fini pratik ve teknolojik bir \u015fekilde sa\u011flamak isteyenler i\u00e7in ideal bir \u00e7\u00f6z\u00fcmd\u00fcr. Geli\u015fmi\u015f <strong data-start=\"425\" data-end=\"455\">kablosuz g\u00fcvenlik kameras\u0131<\/strong> teknolojisi sayesinde karma\u015f\u0131k kablolama ihtiyac\u0131n\u0131 ortadan kald\u0131r\u0131r ve kurulumu son derece kolayd\u0131r. Wifi ba\u011flant\u0131 deste\u011fi ile <strong data-start=\"584\" data-end=\"599\">wifi kamera<\/strong> deneyimini mobil cihazlar\u0131n\u0131za ta\u015f\u0131yarak, istedi\u011finiz her an canl\u0131 g\u00f6r\u00fcnt\u00fcleri izleme imk\u00e2n\u0131 sunar.<\/p>\n<p data-start=\"701\" data-end=\"1150\">\u00dc\u00e7l\u00fc lens yap\u0131s\u0131na sahip olan bu <strong data-start=\"734\" data-end=\"753\">3 lensli kamera<\/strong>, geni\u015f g\u00f6r\u00fc\u015f a\u00e7\u0131s\u0131 ile tek bir noktadan daha fazla alan\u0131 kontrol etmenizi sa\u011flar. Y\u00fcksek \u00e7\u00f6z\u00fcn\u00fcrl\u00fckl\u00fc g\u00f6r\u00fcnt\u00fc kalitesi sayesinde g\u00fcnd\u00fcz ve gece net kay\u0131t alabilir, detaylar\u0131 ka\u00e7\u0131rmadan g\u00fcvenli\u011finizi \u00fcst seviyeye ta\u015f\u0131yabilirsiniz. Ak\u0131ll\u0131 <strong data-start=\"991\" data-end=\"1011\">hareket alg\u0131lama<\/strong> \u00f6zelli\u011fi, ortamda \u015f\u00fcpheli bir hareket tespit etti\u011finde an\u0131nda bildirim g\u00f6ndererek olas\u0131 risklere kar\u015f\u0131 h\u0131zl\u0131 \u00f6nlem alman\u0131za yard\u0131mc\u0131 olur.<\/p>\n<p data-start=\"1152\" data-end=\"1453\">G\u00fcne\u015f enerjisiyle \u00e7al\u0131\u015fan <strong data-start=\"1178\" data-end=\"1205\">solar g\u00fcvenlik kameras\u0131<\/strong> yap\u0131s\u0131, enerji tasarrufu sa\u011flarken \u00e7evre dostu bir kullan\u0131m sunar. 5 Volt 2A g\u00fcc\u00fcndeki batarya sistemi ile uzun s\u00fcreli ve kesintisiz performans elde edilir. Dayan\u0131kl\u0131 d\u0131\u015f kasa tasar\u0131m\u0131 sayesinde zorlu hava ko\u015fullar\u0131nda bile g\u00fcvenle kullan\u0131labilir.<\/p>\n<p data-start=\"1455\" data-end=\"1635\">X5Tech RX-66WS, modern tasar\u0131m\u0131, ak\u0131ll\u0131 \u00f6zellikleri ve pratik kullan\u0131m\u0131yla ev, i\u015f yeri, bah\u00e7e ve depo gibi bir\u00e7ok alanda g\u00fcvenli\u011finizi g\u00fc\u00e7lendirmek i\u00e7in g\u00fc\u00e7l\u00fc bir yard\u0131mc\u0131d\u0131r. \ud83d\udd12\ud83d\udcf7<\/p>\n","protected":false},"excerpt":{"rendered":"<p>Fiyata KDV Dahildir.<\/p>\n","protected":false},"featured_media":687,"comment_status":"open","ping_status":"closed","template":"","meta":[],"product_brand":[41],"product_cat":[15,35],"product_tag":[52,53,50,54,51],"class_list":{"0":"post-686","1":"product","2":"type-product","3":"status-publish","4":"has-post-thumbnail","6":"product_brand-x5tech","7":"product_cat-genel","8":"product_cat-wifi-kameralar","9":"product_tag-gece-goruslu-kamera","10":"product_tag-hareket-algilama","11":"product_tag-kablosuz-guvenlik-kamerasi","12":"product_tag-uzaktan-izleme","13":"product_tag-wifi-ip-kamera","15":"first","16":"instock","17":"taxable","18":"shipping-taxable","19":"purchasable","20":"product-type-simple"},"_links":{"self":[{"href":"https:\/\/x5tech.com.tr\/index.php\/wp-json\/wp\/v2\/product\/686","targetHints":{"allow":["GET"]}}],"collection":[{"href":"https:\/\/x5tech.com.tr\/index.php\/wp-json\/wp\/v2\/product"}],"about":[{"href":"https:\/\/x5tech.com.tr\/index.php\/wp-json\/wp\/v2\/types\/product"}],"replies":[{"embeddable":true,"href":"https:\/\/x5tech.com.tr\/index.php\/wp-json\/wp\/v2\/comments?post=686"}],"wp:featuredmedia":[{"embeddable":true,"href":"https:\/\/x5tech.com.tr\/index.php\/wp-json\/wp\/v2\/media\/687"}],"wp:attachment":[{"href":"https:\/\/x5tech.com.tr\/index.php\/wp-json\/wp\/v2\/media?parent=686"}],"wp:term":[{"taxonomy":"product_brand","embeddable":true,"href":"https:\/\/x5tech.com.tr\/index.php\/wp-json\/wp\/v2\/product_brand?post=686"},{"taxonomy":"product_cat","embeddable":true,"href":"https:\/\/x5tech.com.tr\/index.php\/wp-json\/wp\/v2\/product_cat?post=686"},{"taxonomy":"product_tag","embeddable":true,"href":"https:\/\/x5tech.com.tr\/index.php\/wp-json\/wp\/v2\/product_tag?post=686"}],"curies":[{"name":"wp","href":"https:\/\/api.w.org\/{rel}","templated":true}]}}