{"id":668,"date":"2026-02-03T10:26:31","date_gmt":"2026-02-03T10:26:31","guid":{"rendered":"https:\/\/x5tech.com.tr\/?post_type=product&#038;p=668"},"modified":"2026-05-13T06:46:05","modified_gmt":"2026-05-13T06:46:05","slug":"204g-4g-sim-kartli-solar-panelli-guvenlik-kamerasi","status":"publish","type":"product","link":"https:\/\/x5tech.com.tr\/index.php\/urun\/204g-4g-sim-kartli-solar-panelli-guvenlik-kamerasi\/","title":{"rendered":"204G 4G Sim Kartl\u0131 Solar Panelli 204GS G\u00fcvenlik Kameras\u0131"},"content":{"rendered":"<p>204G 4G Sim Kartl\u0131 Solar Panelli G\u00fcvenlik Kameras\u0131<\/p>\n<p><strong>3MP+3MP+3MP+3MP 4 Kamera<br \/>\n<\/strong>1 Sabit Kamera<br \/>\n1 PT Kamera<br \/>\n2 Manuel Hareketli Sa\u011f Sol \u00dcst Kamera<br \/>\nDual Led Gece G\u00f6r\u00fc\u015f\u00fc<br \/>\n5 Volt 2 Amper G\u00fc\u00e7 Gereksinimi<br \/>\n\u00c7ift Solar Panel 8w+8w Toplam 16 Watt<br \/>\n16000 mAh Batarya<br \/>\n4G Avrupa Mod\u00fcl ve E-Sim Deste\u011fi<br \/>\n\u00c7akar I\u015f\u0131k ve Siren<br \/>\nK\u0131rm\u0131z\u0131 Mavi \u00c7akar Led ve Siren<br \/>\nTF Kart Deste\u011fi<br \/>\nT\u00fcrk\u00e7e Sesli Uyar\u0131 ve Y\u00f6nlendirme<br \/>\nT\u00fcrk\u00e7e Yaz\u0131l\u0131m Deste\u011fi<br \/>\nHiEasy Android \/ IOS Yaz\u0131l\u0131m Deste\u011fi<\/p>\n<p><iframe title=\"X5Tech 204G 4G Solar G\u00fcne\u015f Enerjili G\u00fcvenlik Kameras\u0131 | Apron G\u00fcvenlik Sistemleri #reklam #teknoloji\" src=\"https:\/\/www.youtube.com\/embed\/Umj3X5Kf87Y\" width=\"543\" height=\"966\" frameborder=\"0\" allowfullscreen=\"allowfullscreen\"><span data-mce-type=\"bookmark\" style=\"display: inline-block; width: 0px; overflow: hidden; line-height: 0;\" class=\"mce_SELRES_start\">\ufeff<\/span><\/iframe><\/p>\n<p>&nbsp;<\/p>\n<h2 data-start=\"130\" data-end=\"183\">4 Kameral\u0131 G\u00fcne\u015f Enerjili G\u00fcvenlik Kameras\u0131 Nedir?<\/h2>\n<p data-start=\"185\" data-end=\"483\">4 Kameral\u0131 G\u00fcne\u015f Enerjili G\u00fcvenlik Kameras\u0131, hem i\u00e7 hem d\u0131\u015f mek\u00e2n g\u00fcvenli\u011fi i\u00e7in geli\u015ftirilmi\u015f modern bir sistemdir. \u00d6ncelikle d\u00f6rt ba\u011f\u0131ms\u0131z kameras\u0131 sayesinde ayn\u0131 anda geni\u015f alanlar\u0131 izler. B\u00f6ylece tek noktadan \u00e7ok y\u00f6nl\u00fc kontrol sa\u011flars\u0131n\u0131z. Ayr\u0131ca k\u00f6r nokta olu\u015fumunu b\u00fcy\u00fck \u00f6l\u00e7\u00fcde engellersiniz.<\/p>\n<p data-start=\"485\" data-end=\"892\">G\u00fcne\u015f enerjisiyle \u00e7al\u0131\u015ft\u0131\u011f\u0131 i\u00e7in elektrik ba\u011flant\u0131s\u0131na ihtiya\u00e7 duymaz. Bu sayede montaj s\u00fcreci daha h\u0131zl\u0131 ilerler. Ayn\u0131 zamanda enerji maliyetini d\u00fc\u015f\u00fcr\u00fcr. \u00dcstelik \u00e7evre dostu bir kullan\u0131m sunar. Y\u00fcksek \u00e7\u00f6z\u00fcn\u00fcrl\u00fckl\u00fc g\u00f6r\u00fcnt\u00fc kalitesi ile net kay\u0131t al\u0131rs\u0131n\u0131z. Bununla birlikte gece g\u00f6r\u00fc\u015f \u00f6zelli\u011fi sayesinde karanl\u0131kta da g\u00fcvenli\u011fi s\u00fcrd\u00fcr\u00fcrs\u00fcn\u00fcz. Ak\u0131ll\u0131 hareket alg\u0131lama sistemi ise riskleri an\u0131nda tespit eder.<\/p>\n<p data-start=\"894\" data-end=\"1153\">Ayr\u0131ca kablosuz ba\u011flant\u0131 deste\u011fi sayesinde mobil uygulama \u00fczerinden anl\u0131k izleme yapars\u0131n\u0131z. B\u00f6ylece bulundu\u011funuz yerden ba\u011f\u0131ms\u0131z olarak kontrol sa\u011flars\u0131n\u0131z. Hareket alg\u0131land\u0131\u011f\u0131nda an\u0131nda bildirim al\u0131rs\u0131n\u0131z. Bu nedenle olas\u0131 risklere h\u0131zl\u0131 m\u00fcdahale edersiniz.<\/p>\n<hr data-start=\"1155\" data-end=\"1158\" \/>\n<h2 data-start=\"1160\" data-end=\"1224\">4 Kameral\u0131 G\u00fcne\u015f Enerjili G\u00fcvenlik Kameras\u0131 Kullan\u0131m Alanlar\u0131<\/h2>\n<p data-start=\"1226\" data-end=\"1455\">Bu sistem, \u00e7ok y\u00f6nl\u00fc yap\u0131s\u0131 sayesinde pek \u00e7ok alanda kullan\u0131l\u0131r. \u00d6ncelikle ev ve villa \u00e7evrelerinde etkili \u00e7\u00f6z\u00fcm sunar. Bah\u00e7e, otopark ve giri\u015f kap\u0131lar\u0131n\u0131 ayn\u0131 anda izlersiniz. B\u00f6ylece tek cihazla geni\u015f alan kontrol\u00fc sa\u011flars\u0131n\u0131z.<\/p>\n<p data-start=\"1457\" data-end=\"1687\">Ayr\u0131ca i\u015f yerleri ve ma\u011fazalarda i\u00e7 ve d\u0131\u015f g\u00fcvenli\u011fi birlikte y\u00f6netirsiniz. Depo ve antrepolarda s\u00fcrekli g\u00f6zetim sa\u011flars\u0131n\u0131z. Bunun yan\u0131nda \u015fantiye alanlar\u0131nda kablolama sorunu ya\u015famazs\u0131n\u0131z. \u00c7\u00fcnk\u00fc sistem g\u00fcne\u015f enerjisiyle \u00e7al\u0131\u015f\u0131r.<\/p>\n<p data-start=\"1689\" data-end=\"1895\">\u00d6zellikle k\u0131rsal alanlarda b\u00fcy\u00fck avantaj sa\u011flar. Tarla, ba\u011f ve bah\u00e7elerde elektrik gerektirmez. Bu sayede \u00fcr\u00fcn g\u00fcvenli\u011fini kolayca takip edersiniz. Ayn\u0131 zamanda \u00e7iftliklerde hayvan hareketlerini izlersiniz.<\/p>\n<p data-start=\"1897\" data-end=\"2128\">Bununla birlikte site ve apartmanlarda ortak alan g\u00fcvenli\u011fini art\u0131r\u0131rs\u0131n\u0131z. Yazl\u0131k evlerde ise uzaktan eri\u015fim \u00f6zelli\u011fi sayesinde s\u00fcrekli kontrol sa\u011flars\u0131n\u0131z. Dolay\u0131s\u0131yla sezonluk kullan\u0131lan m\u00fclklerde ekstra g\u00fcvenlik elde edersiniz.<\/p>\n<hr data-start=\"2130\" data-end=\"2133\" \/>\n<h2 data-start=\"2135\" data-end=\"2205\">4 Kameral\u0131 G\u00fcne\u015f Enerjili G\u00fcvenlik Kameras\u0131n\u0131 Kimler Tercih Ediyor?<\/h2>\n<p data-start=\"2207\" data-end=\"2434\">\u00d6ncelikle ev sahipleri bu sistemi yo\u011fun \u015fekilde kullan\u0131r. Bah\u00e7eli evlerde \u00e7evre g\u00fcvenli\u011fini 7\/24 izlerler. Ayr\u0131ca yazl\u0131k sahipleri m\u00fclklerini uzaktan kontrol ederler. B\u00f6ylece uzun s\u00fcre evde olmasalar bile g\u00fcvenli\u011fi s\u00fcrd\u00fcr\u00fcrler.<\/p>\n<p data-start=\"2436\" data-end=\"2664\">K\u00fc\u00e7\u00fck ve orta \u00f6l\u00e7ekli i\u015fletmeler de bu sistemi tercih eder. Ma\u011faza ve ofis sahipleri h\u0131rs\u0131zl\u0131k riskini azalt\u0131r. Depo ve at\u00f6lyelerde s\u00fcrekli g\u00f6zetim sa\u011flarlar. Ayn\u0131 zamanda \u015fantiye alanlar\u0131nda ekipman g\u00fcvenli\u011fini kontrol ederler.<\/p>\n<p data-start=\"2666\" data-end=\"2830\">\u00c7ift\u00e7iler ve \u00fcreticiler de g\u00fcne\u015f enerjili sistemi avantajl\u0131 bulur. Elektrik olmayan b\u00f6lgelerde g\u00fcvenlik sa\u011flarlar. B\u00f6ylece hem hayvanlar\u0131n\u0131 hem \u00fcr\u00fcnlerini korurlar.<\/p>\n<p data-start=\"2832\" data-end=\"2994\">Ayr\u0131ca site y\u00f6netimleri ve otopark i\u015fletmeleri ortak alan g\u00fcvenli\u011fi i\u00e7in bu sistemi kullan\u0131r. K\u0131sacas\u0131 bireysel ve ticari kullan\u0131c\u0131lar i\u00e7in geni\u015f bir \u00e7\u00f6z\u00fcm sunar.<\/p>\n<hr data-start=\"2996\" data-end=\"2999\" \/>\n<h2 data-start=\"3001\" data-end=\"3066\">4 Kameral\u0131 G\u00fcne\u015f Enerjili G\u00fcvenlik Kameras\u0131 Tavsiye Edilir mi?<\/h2>\n<p data-start=\"3068\" data-end=\"3262\">Evet, bu sistem g\u00fc\u00e7l\u00fc \u015fekilde tavsiye edilir. \u00c7\u00fcnk\u00fc g\u00fcne\u015f enerjisiyle \u00e7al\u0131\u015f\u0131r ve elektrik gerektirmez. Bu sayede a\u00e7\u0131k alanlarda kolayca kurulum yapars\u0131n\u0131z. Ayr\u0131ca enerji maliyetini d\u00fc\u015f\u00fcr\u00fcrs\u00fcn\u00fcz.<\/p>\n<p data-start=\"3264\" data-end=\"3481\">Y\u00fcksek \u00e7\u00f6z\u00fcn\u00fcrl\u00fck sayesinde net g\u00f6r\u00fcnt\u00fc al\u0131rs\u0131n\u0131z. Bunun yan\u0131nda gece g\u00f6r\u00fc\u015f \u00f6zelli\u011fi ile 24 saat kay\u0131t yapars\u0131n\u0131z. Ak\u0131ll\u0131 hareket alg\u0131lama sistemi riskleri erken tespit eder. B\u00f6ylece g\u00fcvenli\u011fi aktif hale getirirsiniz.<\/p>\n<p data-start=\"3483\" data-end=\"3715\">Kablosuz ba\u011flant\u0131 ve mobil uygulama deste\u011fi b\u00fcy\u00fck kolayl\u0131k sa\u011flar. Anl\u0131k bildirim al\u0131r ve uzaktan kontrol edersiniz. Ayr\u0131ca suya ve toza dayan\u0131kl\u0131 d\u0131\u015f kasa uzun \u00f6m\u00fcr sunar. Zorlu hava ko\u015fullar\u0131nda bile performans kayb\u0131 ya\u015famazs\u0131n\u0131z.<\/p>\n<p data-start=\"3717\" data-end=\"3957\" data-is-last-node=\"\" data-is-only-node=\"\">Sonu\u00e7 olarak 4 Kameral\u0131 G\u00fcne\u015f Enerjili G\u00fcvenlik Kameras\u0131 hem ekonomik hem s\u00fcrd\u00fcr\u00fclebilir bir \u00e7\u00f6z\u00fcmd\u00fcr. \u00dcstelik d\u00fc\u015f\u00fck bak\u0131m maliyeti sunar. Bu nedenle ev kullan\u0131c\u0131lar\u0131ndan i\u015fletmelere kadar geni\u015f bir kitle i\u00e7in ideal bir g\u00fcvenlik sistemidir.<\/p>\n<div aria-hidden=\"true\" data-edge=\"true\">\n<div class=\"flex flex-col text-sm pb-25\">\n<article class=\"text-token-text-primary w-full focus:outline-none [--shadow-height:45px] has-data-writing-block:pointer-events-none has-data-writing-block:-mt-(--shadow-height) has-data-writing-block:pt-(--shadow-height) [&amp;:has([data-writing-block])&gt;*]:pointer-events-auto scroll-mt-[calc(var(--header-height)+min(200px,max(70px,20svh)))]\" dir=\"auto\" tabindex=\"-1\" data-turn-id=\"request-WEB:4f10be1f-e693-49c4-b0f9-494778636200-3\" data-testid=\"conversation-turn-8\" data-scroll-anchor=\"true\" data-turn=\"assistant\">\n<div class=\"text-base my-auto mx-auto pb-10 [--thread-content-margin:--spacing(4)] @w-sm\/main:[--thread-content-margin:--spacing(6)] @w-lg\/main:[--thread-content-margin:--spacing(16)] px-(--thread-content-margin)\">\n<div class=\"[--thread-content-max-width:40rem] @w-lg\/main:[--thread-content-max-width:48rem] mx-auto max-w-(--thread-content-max-width) flex-1 group\/turn-messages focus-visible:outline-hidden relative flex w-full min-w-0 flex-col agent-turn\" tabindex=\"-1\">\n<div class=\"z-0 flex min-h-[46px] justify-start\"><\/div>\n<\/div>\n<\/div>\n<\/article>\n<\/div>\n<div class=\"pointer-events-none h-px w-px absolute bottom-0\" aria-hidden=\"true\" data-edge=\"true\">\n<p data-start=\"1797\" data-end=\"1845\">Yaz\u0131 Sayfas\u0131:\u00a0 <a href=\"https:\/\/x5tech.com.tr\/index.php\/2026\/03\/03\/x5tech-rx-204gs-guvenlik-kamerasi-genel-ozellikleri\/\">https:\/\/x5tech.com.tr\/index.php\/2026\/03\/03\/x5tech-rx-204gs-guvenlik-kamerasi-genel-ozellikleri\/<\/a><\/p>\n<p>Sipari\u015f Sayfas\u0131:\u00a0<a href=\"https:\/\/x5tech.com.tr\/index.php\/urun\/204g-4g-sim-kartli-solar-panelli-guvenlik-kamerasi\/\">https:\/\/x5tech.com.tr\/index.php\/urun\/204g-4g-sim-kartli-solar-panelli-guvenlik-kamerasi\/<\/a><\/p>\n<p>YouTube:\u00a0<a href=\"https:\/\/www.youtube.com\/@apronguvenliksistemleri\">https:\/\/www.youtube.com\/@ankaraguvenlikkamerasi<\/a><\/p>\n<p>Pinterest:\u00a0<a href=\"https:\/\/x5tech.com.tr\/index.php\/2026\/02\/25\/mini-ups-ile-wifi-kamera-elektrik-kesintisinde-kesintisiz-nasil-calisir\/_wp_link_placeholder\">https:\/\/tr.pinterest.com\/x5tech\/x5tech-%C3%BCr%C3%BCnleri\/<\/a><\/p>\n<p>Video: <a href=\"https:\/\/www.youtube.com\/watch?v=bEjSiTOg_tI\">https:\/\/www.youtube.com\/watch?v=bEjSiTOg_tI<\/a><\/p>\n<p>\u0130nstagram:\u00a0<a href=\"https:\/\/www.instagram.com\/x5_tech\/\">https:\/\/www.instagram.com\/x5_tech\/<\/a><\/p>\n<p>Google:\u00a0<a href=\"https:\/\/share.google\/hf2RouPIuHFSvokCx\">https:\/\/share.google\/hf2RouPIuHFSvokCx<\/a><\/p>\n<p>Facebook:\u00a0<a href=\"https:\/\/www.facebook.com\/Apronguvenlik\">https:\/\/www.facebook.com\/Apronguvenlik<\/a><\/p>\n<p>Web Sitemiz:\u00a0<a href=\"https:\/\/www.x5tech.com.tr\/\">https:\/\/www.x5tech.com.tr<\/a><\/p>\n<p>WhatsApp:\u00a0<a href=\"https:\/\/wa.me\/905426385201\">https:\/\/wa.me\/905426385201<\/a><\/p>\n<\/div>\n<\/div>\n","protected":false},"excerpt":{"rendered":"<p>Fiyata KDV\u00a0 Dahildir.<\/p>\n<p>204G 4G Sim Kartl\u0131 Solar Panelli G\u00fcvenlik Kameras\u0131<\/p>\n<p><strong>3MP+3MP+3MP+3MP 4 Kamera<\/strong><\/p>\n","protected":false},"featured_media":670,"comment_status":"open","ping_status":"closed","template":"","meta":[],"product_brand":[41],"product_cat":[34],"product_tag":[55,57,58,56,59],"class_list":{"0":"post-668","1":"product","2":"type-product","3":"status-publish","4":"has-post-thumbnail","6":"product_brand-x5tech","7":"product_cat-4g-kameralar","8":"product_tag-4g-lte-guvenlik-kamerasi","9":"product_tag-internetsiz-guvenlik-kamerasi","10":"product_tag-mobil-veri-ile-calisan-kamera","11":"product_tag-sim-kartli-kamera","12":"product_tag-uzaktan-izleme-kamera","14":"first","15":"outofstock","16":"taxable","17":"shipping-taxable","18":"purchasable","19":"product-type-simple"},"_links":{"self":[{"href":"https:\/\/x5tech.com.tr\/index.php\/wp-json\/wp\/v2\/product\/668","targetHints":{"allow":["GET"]}}],"collection":[{"href":"https:\/\/x5tech.com.tr\/index.php\/wp-json\/wp\/v2\/product"}],"about":[{"href":"https:\/\/x5tech.com.tr\/index.php\/wp-json\/wp\/v2\/types\/product"}],"replies":[{"embeddable":true,"href":"https:\/\/x5tech.com.tr\/index.php\/wp-json\/wp\/v2\/comments?post=668"}],"wp:featuredmedia":[{"embeddable":true,"href":"https:\/\/x5tech.com.tr\/index.php\/wp-json\/wp\/v2\/media\/670"}],"wp:attachment":[{"href":"https:\/\/x5tech.com.tr\/index.php\/wp-json\/wp\/v2\/media?parent=668"}],"wp:term":[{"taxonomy":"product_brand","embeddable":true,"href":"https:\/\/x5tech.com.tr\/index.php\/wp-json\/wp\/v2\/product_brand?post=668"},{"taxonomy":"product_cat","embeddable":true,"href":"https:\/\/x5tech.com.tr\/index.php\/wp-json\/wp\/v2\/product_cat?post=668"},{"taxonomy":"product_tag","embeddable":true,"href":"https:\/\/x5tech.com.tr\/index.php\/wp-json\/wp\/v2\/product_tag?post=668"}],"curies":[{"name":"wp","href":"https:\/\/api.w.org\/{rel}","templated":true}]}}