{"id":665,"date":"2026-02-03T10:21:35","date_gmt":"2026-02-03T10:21:35","guid":{"rendered":"https:\/\/x5tech.com.tr\/?post_type=product&#038;p=665"},"modified":"2026-02-03T11:01:30","modified_gmt":"2026-02-03T11:01:30","slug":"75w-4-kamerali-wifi-kamera-hieasy-yazilimli-kablosuz-guvenlik-kamerasi","status":"publish","type":"product","link":"https:\/\/x5tech.com.tr\/index.php\/urun\/75w-4-kamerali-wifi-kamera-hieasy-yazilimli-kablosuz-guvenlik-kamerasi\/","title":{"rendered":"75W 4 Kameral\u0131 Wifi Kamera HiEasy Yaz\u0131l\u0131ml\u0131 Kablosuz G\u00fcvenlik Kameras\u0131"},"content":{"rendered":"<p>75W 4 Kameral\u0131 Wifi Kamera HiEasy Yaz\u0131l\u0131ml\u0131 Kablosuz G\u00fcvenlik Kameras\u0131<\/p>\n<p><strong>3MP+3MP+3MP+3MP 4 Kamera<br \/>\n<\/strong>1 Sabit Kamera<br \/>\n1 PT Kamera<br \/>\n2 Manuel Hareketli Sa\u011f Sol Kamera<br \/>\nDual Led Gece G\u00f6r\u00fc\u015f\u00fc<br \/>\n12 Volt 2 Amper G\u00fc\u00e7 Gereksinimi<br \/>\nTF Kart Deste\u011fi<br \/>\nT\u00fcrk\u00e7e Sesli Uyar\u0131 ve Y\u00f6nlendirme<br \/>\nT\u00fcrk\u00e7e Yaz\u0131l\u0131m Deste\u011fi<br \/>\nHiEasy Android \/ IOS Yaz\u0131l\u0131m Deste\u011fi<\/p>\n<p>&nbsp;<\/p>\n<p>Not: Adapt\u00f6r G\u00f6nderilecektir. Haf\u0131za Kart\u0131 Dahil De\u011fildir. Cihaz Sim Kartl\u0131 Model De\u011fildir.<\/p>\n","protected":false},"excerpt":{"rendered":"<p>4 Kameral\u0131 Wifi Kamera HiEasy Yaz\u0131l\u0131ml\u0131 Kablosuz G\u00fcvenlik Kameras\u0131<\/p>\n<p><strong>3MP+3MP+3MP+3MP 4 Kamera<\/strong><\/p>\n","protected":false},"featured_media":667,"comment_status":"open","ping_status":"closed","template":"","meta":[],"product_brand":[41],"product_cat":[15,35],"product_tag":[52,53,50,54,51],"class_list":{"0":"post-665","1":"product","2":"type-product","3":"status-publish","4":"has-post-thumbnail","6":"product_brand-x5tech","7":"product_cat-genel","8":"product_cat-wifi-kameralar","9":"product_tag-gece-goruslu-kamera","10":"product_tag-hareket-algilama","11":"product_tag-kablosuz-guvenlik-kamerasi","12":"product_tag-uzaktan-izleme","13":"product_tag-wifi-ip-kamera","15":"first","16":"instock","17":"taxable","18":"shipping-taxable","19":"purchasable","20":"product-type-simple"},"_links":{"self":[{"href":"https:\/\/x5tech.com.tr\/index.php\/wp-json\/wp\/v2\/product\/665","targetHints":{"allow":["GET"]}}],"collection":[{"href":"https:\/\/x5tech.com.tr\/index.php\/wp-json\/wp\/v2\/product"}],"about":[{"href":"https:\/\/x5tech.com.tr\/index.php\/wp-json\/wp\/v2\/types\/product"}],"replies":[{"embeddable":true,"href":"https:\/\/x5tech.com.tr\/index.php\/wp-json\/wp\/v2\/comments?post=665"}],"wp:featuredmedia":[{"embeddable":true,"href":"https:\/\/x5tech.com.tr\/index.php\/wp-json\/wp\/v2\/media\/667"}],"wp:attachment":[{"href":"https:\/\/x5tech.com.tr\/index.php\/wp-json\/wp\/v2\/media?parent=665"}],"wp:term":[{"taxonomy":"product_brand","embeddable":true,"href":"https:\/\/x5tech.com.tr\/index.php\/wp-json\/wp\/v2\/product_brand?post=665"},{"taxonomy":"product_cat","embeddable":true,"href":"https:\/\/x5tech.com.tr\/index.php\/wp-json\/wp\/v2\/product_cat?post=665"},{"taxonomy":"product_tag","embeddable":true,"href":"https:\/\/x5tech.com.tr\/index.php\/wp-json\/wp\/v2\/product_tag?post=665"}],"curies":[{"name":"wp","href":"https:\/\/api.w.org\/{rel}","templated":true}]}}