{"id":921,"date":"2026-05-13T14:55:16","date_gmt":"2026-05-13T14:55:16","guid":{"rendered":"https:\/\/x5tech.com.tr\/?page_id=921"},"modified":"2026-05-13T14:55:16","modified_gmt":"2026-05-13T14:55:16","slug":"mesafeli-satis-sozlesmesi","status":"publish","type":"page","link":"https:\/\/x5tech.com.tr\/index.php\/mesafeli-satis-sozlesmesi\/","title":{"rendered":"Mesafeli Sat\u0131\u015f S\u00f6zle\u015fmesi"},"content":{"rendered":"<h1 data-section-id=\"1usie29\" data-start=\"0\" data-end=\"27\">MESAFEL\u0130 SATI\u015e S\u00d6ZLE\u015eMES\u0130<\/h1>\n<p data-start=\"29\" data-end=\"161\"><strong data-start=\"29\" data-end=\"76\">\u0130\u015fbu Mesafeli Sat\u0131\u015f S\u00f6zle\u015fmesi (\u201cS\u00f6zle\u015fme\u201d)<\/strong>, a\u015fa\u011f\u0131da bilgileri bulunan ALICI ile SATICI aras\u0131nda elektronik ortamda kurulmu\u015ftur.<\/p>\n<hr data-start=\"163\" data-end=\"166\" \/>\n<h2 data-section-id=\"1obpif9\" data-start=\"168\" data-end=\"182\">1. TARAFLAR<\/h2>\n<h3 data-section-id=\"jl2ltv\" data-start=\"184\" data-end=\"196\">SATICI<\/h3>\n<p data-start=\"197\" data-end=\"468\"><strong data-start=\"197\" data-end=\"207\">Unvan:<\/strong> Apron G\u00fcvenlik Sistemleri Ltd.\u015eti.<br data-start=\"215\" data-end=\"218\" \/><strong data-start=\"218\" data-end=\"233\">Web Sitesi:<\/strong> <a class=\"decorated-link cursor-pointer\" target=\"_new\" rel=\"noopener\" data-start=\"234\" data-end=\"299\">x5tech.com.tr<\/a><br data-start=\"299\" data-end=\"302\" \/><strong data-start=\"302\" data-end=\"314\">E-posta:<\/strong> <a class=\"decorated-link cursor-pointer\" rel=\"noopener\" data-start=\"315\" data-end=\"333\">info@x5tech.com.tr<\/a><br data-start=\"333\" data-end=\"336\" \/><strong data-start=\"336\" data-end=\"348\">Telefon: 05426385201<\/strong><br data-start=\"377\" data-end=\"380\" \/><strong data-start=\"380\" data-end=\"390\">Adres:<\/strong> <a tabindex=\"0\" href=\"https:\/\/www.google.com\/maps\/place\/\/data=!4m2!3m1!1s0x14d34902e760e835:0x22811aa76e9c2c81?sa=X&amp;ved=1t:8290&amp;ictx=111\" data-url=\"\/maps\/place\/\/data=!4m2!3m1!1s0x14d34902e760e835:0x22811aa76e9c2c81?sa=X&amp;ved=2ahUKEwjctuCUwbaUAxU1S_EDHUY7IHsQ4kB6BAgKEAA\">\u00c7aml\u0131ca Mahallesi Anadolu Bulvar\u0131, \u00c7aml\u0131ca, Timko Sk No:20 L D:1 blok, 06200 Yenimahalle\/Ankara<\/a><br data-start=\"418\" data-end=\"421\" \/><strong data-start=\"421\" data-end=\"446\">MERS\u0130S No \/ Vergi No:<\/strong> 0071075280000001 \/ 0710752800<\/p>\n<h3 data-section-id=\"1r0uk4o\" data-start=\"470\" data-end=\"481\">ALICI<\/h3>\n<p data-start=\"482\" data-end=\"628\">Web sitesi \u00fczerinden sipari\u015f olu\u015fturan ki\u015fi.<br data-start=\"526\" data-end=\"529\" \/>ALICI\u2019n\u0131n sipari\u015f s\u0131ras\u0131nda beyan etti\u011fi ad-soyad, adres, telefon ve e-posta bilgileri esas al\u0131n\u0131r.<\/p>\n<hr data-start=\"630\" data-end=\"633\" \/>\n<h2 data-section-id=\"1ehu2h2\" data-start=\"635\" data-end=\"645\">2. KONU<\/h2>\n<p data-start=\"647\" data-end=\"1027\">\u0130\u015fbu s\u00f6zle\u015fmenin konusu, ALICI\u2019n\u0131n SATICI\u2019ya ait <a class=\"decorated-link cursor-pointer\" target=\"_new\" rel=\"noopener\" data-start=\"696\" data-end=\"761\">x5tech.com.tr<\/a> internet sitesi \u00fczerinden elektronik ortamda sipari\u015f verdi\u011fi \u00fcr\u00fcnlerin sat\u0131\u015f\u0131 ve teslimine ili\u015fkin olarak, 6502 say\u0131l\u0131 T\u00fcketicinin Korunmas\u0131 Hakk\u0131nda Kanun ile Mesafeli S\u00f6zle\u015fmeler Y\u00f6netmeli\u011fi h\u00fck\u00fcmleri gere\u011fince taraflar\u0131n hak ve y\u00fck\u00fcml\u00fcl\u00fcklerinin belirlenmesidir.<\/p>\n<hr data-start=\"1029\" data-end=\"1032\" \/>\n<h2 data-section-id=\"1xtc3f\" data-start=\"1034\" data-end=\"1065\">3. \u00dcR\u00dcN VE S\u0130PAR\u0130\u015e B\u0130LG\u0130LER\u0130<\/h2>\n<p data-start=\"1067\" data-end=\"1095\">Sipari\u015fe konu \u00fcr\u00fcn\/hizmetin;<\/p>\n<ul data-start=\"1097\" data-end=\"1209\">\n<li data-section-id=\"21ogu0\" data-start=\"1097\" data-end=\"1117\">T\u00fcr\u00fc ve niteli\u011fi<\/li>\n<li data-section-id=\"1i6nxid\" data-start=\"1118\" data-end=\"1127\">Adedi<\/li>\n<li data-section-id=\"ix75zb\" data-start=\"1128\" data-end=\"1153\">Marka\/model bilgileri<\/li>\n<li data-section-id=\"1ljucf7\" data-start=\"1154\" data-end=\"1170\">Sat\u0131\u015f bedeli<\/li>\n<li data-section-id=\"1dg2qwz\" data-start=\"1171\" data-end=\"1186\">\u00d6deme \u015fekli<\/li>\n<li data-section-id=\"13at23w\" data-start=\"1187\" data-end=\"1209\">Teslimat bilgileri<\/li>\n<\/ul>\n<p data-start=\"1211\" data-end=\"1268\">sipari\u015f \u00f6zeti ekran\u0131nda ve faturada belirtildi\u011fi gibidir.<\/p>\n<hr data-start=\"1270\" data-end=\"1273\" \/>\n<h2 data-section-id=\"2gplat\" data-start=\"1275\" data-end=\"1301\">4. \u00dcR\u00dcN BEDEL\u0130 VE \u00d6DEME<\/h2>\n<p data-start=\"1303\" data-end=\"1414\">ALICI, sipari\u015f verdi\u011fi \u00fcr\u00fcnlerin toplam bedelini \u00f6deme ekran\u0131nda belirtilen y\u00f6ntemlerle \u00f6deyece\u011fini kabul eder.<\/p>\n<p data-start=\"1416\" data-end=\"1466\">\u00d6deme i\u015flemi tamamlanmadan sipari\u015f i\u015fleme al\u0131nmaz.<\/p>\n<p data-start=\"1468\" data-end=\"1646\">SATICI, teknik hata, fiyat g\u00fcncellemesi veya sistemsel yanl\u0131\u015fl\u0131k durumlar\u0131nda sipari\u015fi iptal etme hakk\u0131n\u0131 sakl\u0131 tutar. B\u00f6yle bir durumda tahsil edilen tutar ALICI\u2019ya iade edilir.<\/p>\n<hr data-start=\"1648\" data-end=\"1651\" \/>\n<h2 data-section-id=\"1tqgro7\" data-start=\"1653\" data-end=\"1686\">5. TESL\u0130MAT VE TESL\u0130M \u015eARTLARI<\/h2>\n<ul data-start=\"1688\" data-end=\"2034\">\n<li data-section-id=\"ij6jj6\" data-start=\"1688\" data-end=\"1761\">\u00dcr\u00fcnler, ALICI\u2019n\u0131n sipari\u015f s\u0131ras\u0131nda belirtti\u011fi adrese teslim edilir.<\/li>\n<li data-section-id=\"9cl0en\" data-start=\"1762\" data-end=\"1862\">Sipari\u015fler, stok durumuna ba\u011fl\u0131 olarak yasal s\u00fcre olan 30 g\u00fcn\u00fc a\u015fmamak kayd\u0131yla kargoya verilir.<\/li>\n<li data-section-id=\"10tu3u6\" data-start=\"1863\" data-end=\"1918\">Kargo \u00fccreti, aksi belirtilmedik\u00e7e ALICI\u2019ya aittir.<\/li>\n<li data-section-id=\"1oywg4e\" data-start=\"1919\" data-end=\"2034\">Teslimat\u0131n imk\u00e2ns\u0131zla\u015fmas\u0131 halinde ALICI bilgilendirilir ve tahsil edilen bedel en ge\u00e7 14 g\u00fcn i\u00e7inde iade edilir.<\/li>\n<\/ul>\n<p data-start=\"2036\" data-end=\"2163\">ALICI, teslim s\u0131ras\u0131nda \u00fcr\u00fcn\u00fc kontrol etmekle y\u00fck\u00fcml\u00fcd\u00fcr. Hasarl\u0131 veya eksik paketlerde kargo g\u00f6revlisine tutanak tutulmal\u0131d\u0131r.<\/p>\n<hr data-start=\"2165\" data-end=\"2168\" \/>\n<h2 data-section-id=\"1lovctm\" data-start=\"2170\" data-end=\"2187\">6. CAYMA HAKKI<\/h2>\n<p data-start=\"2189\" data-end=\"2348\">ALICI, herhangi bir gerek\u00e7e g\u00f6stermeksizin ve cezai \u015fart \u00f6demeksizin, \u00fcr\u00fcn\u00fc teslim ald\u0131\u011f\u0131 tarihten itibaren <strong data-start=\"2297\" data-end=\"2317\">14 (on d\u00f6rt) g\u00fcn<\/strong> i\u00e7inde cayma hakk\u0131na sahiptir.<\/p>\n<p data-start=\"2350\" data-end=\"2387\">Cayma hakk\u0131n\u0131n kullan\u0131labilmesi i\u00e7in:<\/p>\n<ul data-start=\"2389\" data-end=\"2562\">\n<li data-section-id=\"1y4ix83\" data-start=\"2389\" data-end=\"2440\">SATICI\u2019ya e-posta veya yaz\u0131l\u0131 bildirim yap\u0131lmas\u0131,<\/li>\n<li data-section-id=\"p40n2c\" data-start=\"2441\" data-end=\"2471\">\u00dcr\u00fcn\u00fcn kullan\u0131lmam\u0131\u015f olmas\u0131,<\/li>\n<li data-section-id=\"1y893rp\" data-start=\"2472\" data-end=\"2562\">Orijinal kutu, ambalaj ve varsa t\u00fcm aksesuarlar\u0131yla birlikte g\u00f6nderilmesi gerekmektedir.<\/li>\n<\/ul>\n<p data-start=\"2564\" data-end=\"2673\">Cayma hakk\u0131 kapsam\u0131nda \u00fcr\u00fcn\u00fcn SATICI\u2019ya ula\u015fmas\u0131ndan itibaren 14 g\u00fcn i\u00e7inde \u00fcr\u00fcn bedeli ALICI\u2019ya iade edilir.<\/p>\n<hr data-start=\"2675\" data-end=\"2678\" \/>\n<h2 data-section-id=\"10nj4h4\" data-start=\"2680\" data-end=\"2725\">7. CAYMA HAKKININ KULLANILAMAYACA\u011eI HALLER<\/h2>\n<p data-start=\"2727\" data-end=\"2772\">A\u015fa\u011f\u0131daki \u00fcr\u00fcnlerde cayma hakk\u0131 kullan\u0131lamaz:<\/p>\n<ul data-start=\"2774\" data-end=\"3040\">\n<li data-section-id=\"9ut5vh\" data-start=\"2774\" data-end=\"2834\">ALICI\u2019n\u0131n \u00f6zel istekleri do\u011frultusunda haz\u0131rlanan \u00fcr\u00fcnler,<\/li>\n<li data-section-id=\"im9ufd\" data-start=\"2835\" data-end=\"2880\">Kurulumu yap\u0131lm\u0131\u015f veya kullan\u0131lm\u0131\u015f \u00fcr\u00fcnler,<\/li>\n<li data-section-id=\"195g744\" data-start=\"2881\" data-end=\"2937\">Ambalaj\u0131 a\u00e7\u0131lm\u0131\u015f yaz\u0131l\u0131m, lisans ve dijital i\u00e7erikler,<\/li>\n<li data-section-id=\"zwdu3h\" data-start=\"2938\" data-end=\"2986\">Hijyen nedeniyle iadesi uygun olmayan \u00fcr\u00fcnler,<\/li>\n<li data-section-id=\"m7vaxk\" data-start=\"2987\" data-end=\"3040\">Tekrar sat\u0131labilirlik \u00f6zelli\u011fini kaybetmi\u015f \u00fcr\u00fcnler.<\/li>\n<\/ul>\n<hr data-start=\"3042\" data-end=\"3045\" \/>\n<h2 data-section-id=\"jfwv8v\" data-start=\"3047\" data-end=\"3068\">8. GARANT\u0130 VE \u0130ADE<\/h2>\n<p data-start=\"3070\" data-end=\"3139\">Garanti kapsam\u0131ndaki \u00fcr\u00fcnler i\u00e7in ilgili mevzuat h\u00fck\u00fcmleri uygulan\u0131r.<\/p>\n<p data-start=\"3141\" data-end=\"3208\">Ar\u0131zal\u0131 \u00fcr\u00fcnlerde ALICI, y\u00fcr\u00fcrl\u00fckteki t\u00fcketici mevzuat\u0131 kapsam\u0131nda;<\/p>\n<ul data-start=\"3210\" data-end=\"3295\">\n<li data-section-id=\"qhw6vq\" data-start=\"3210\" data-end=\"3228\">\u00dccretsiz onar\u0131m,<\/li>\n<li data-section-id=\"o7fzaz\" data-start=\"3229\" data-end=\"3257\">Ay\u0131ps\u0131z misli ile de\u011fi\u015fim,<\/li>\n<li data-section-id=\"1m1vb8b\" data-start=\"3258\" data-end=\"3275\">Bedel indirimi,<\/li>\n<li data-section-id=\"1tm7jpu\" data-start=\"3276\" data-end=\"3295\">S\u00f6zle\u015fmeden d\u00f6nme<\/li>\n<\/ul>\n<p data-start=\"3297\" data-end=\"3329\">haklar\u0131ndan birini kullanabilir.<\/p>\n<hr data-start=\"3331\" data-end=\"3334\" \/>\n<h2 data-section-id=\"1ydrowi\" data-start=\"3336\" data-end=\"3369\">9. K\u0130\u015e\u0130SEL VER\u0130LER\u0130N KORUNMASI<\/h2>\n<p data-start=\"3371\" data-end=\"3478\">ALICI taraf\u0131ndan payla\u015f\u0131lan ki\u015fisel veriler, y\u00fcr\u00fcrl\u00fckteki KVKK mevzuat\u0131na uygun \u015fekilde i\u015flenir ve korunur.<\/p>\n<p data-start=\"3480\" data-end=\"3581\">Detayl\u0131 bilgi i\u00e7in:<br data-start=\"3499\" data-end=\"3502\" \/><a class=\"decorated-link cursor-pointer\" href=\"https:\/\/x5tech.com.tr\/index.php\/privacy-policy\/\" target=\"_new\" rel=\"noopener\" data-start=\"3502\" data-end=\"3581\">KVKK ve Gizlilik Politikas\u0131<\/a><\/p>\n<hr data-start=\"3583\" data-end=\"3586\" \/>\n<h2 data-section-id=\"o5qx4b\" data-start=\"3588\" data-end=\"3617\">10. UYU\u015eMAZLIKLARIN \u00c7\u00d6Z\u00dcM\u00dc<\/h2>\n<p data-start=\"3619\" data-end=\"3822\">\u0130\u015fbu s\u00f6zle\u015fmeden do\u011fabilecek uyu\u015fmazl\u0131klarda, Ticaret Bakanl\u0131\u011f\u0131 taraf\u0131ndan ilan edilen parasal s\u0131n\u0131rlar dahilinde ALICI\u2019n\u0131n yerle\u015fim yerindeki T\u00fcketici Hakem Heyetleri ve T\u00fcketici Mahkemeleri yetkilidir.<\/p>\n<hr data-start=\"3824\" data-end=\"3827\" \/>\n<h2 data-section-id=\"t46uqx\" data-start=\"3829\" data-end=\"3844\">11. Y\u00dcR\u00dcRL\u00dcK<\/h2>\n<p data-start=\"3846\" data-end=\"3959\">ALICI, sipari\u015fi tamamlayarak i\u015fbu s\u00f6zle\u015fmenin t\u00fcm ko\u015fullar\u0131n\u0131 okudu\u011funu, anlad\u0131\u011f\u0131n\u0131 ve kabul etti\u011fini beyan eder.<\/p>\n<p data-start=\"3961\" data-end=\"4031\">\u0130\u015fbu s\u00f6zle\u015fme, elektronik ortamda onayland\u0131\u011f\u0131 tarihte y\u00fcr\u00fcrl\u00fc\u011fe girer.<\/p>\n<hr data-start=\"4033\" data-end=\"4036\" \/>\n<h3 data-section-id=\"jl2ltv\" data-start=\"4038\" data-end=\"4050\">SATICI<\/h3>\n<p data-start=\"4051\" data-end=\"4058\">Apron G\u00fcvenlik Sistemleri Ltd.\u015eti.<\/p>\n<h3 data-section-id=\"1r0uk4o\" data-start=\"4060\" data-end=\"4071\">ALICI<\/h3>\n<p data-start=\"4072\" data-end=\"4091\">Sipari\u015fi Veren Ki\u015fi<\/p>\n<h3 data-section-id=\"x356f4\" data-start=\"4093\" data-end=\"4104\">Tarih<\/h3>\n<p data-start=\"4105\" data-end=\"4121\" data-is-last-node=\"\" data-is-only-node=\"\">[Sipari\u015f Tarihi]<\/p>\n","protected":false},"excerpt":{"rendered":"<p>MESAFEL\u0130 SATI\u015e S\u00d6ZLE\u015eMES\u0130 \u0130\u015fbu Mesafeli Sat\u0131\u015f S\u00f6zle\u015fmesi (\u201cS\u00f6zle\u015fme\u201d), a\u015fa\u011f\u0131da bilgileri bulunan ALICI ile SATICI aras\u0131nda elektronik ortamda kurulmu\u015ftur. 1. TARAFLAR SATICI Unvan: Apron G\u00fcvenlik Sistemleri Ltd.\u015eti.Web Sitesi: x5tech.com.trE-posta: info@x5tech.com.trTelefon: 05426385201Adres: \u00c7aml\u0131ca Mahallesi Anadolu Bulvar\u0131, \u00c7aml\u0131ca, Timko Sk No:20 L D:1 blok, 06200 Yenimahalle\/AnkaraMERS\u0130S No \/ Vergi No: 0071075280000001 \/ 0710752800 ALICI Web sitesi \u00fczerinden sipari\u015f&hellip;<\/p>\n","protected":false},"author":1,"featured_media":0,"parent":0,"menu_order":0,"comment_status":"closed","ping_status":"closed","template":"","meta":{"footnotes":""},"class_list":["post-921","page","type-page","status-publish","hentry"],"_links":{"self":[{"href":"https:\/\/x5tech.com.tr\/index.php\/wp-json\/wp\/v2\/pages\/921","targetHints":{"allow":["GET"]}}],"collection":[{"href":"https:\/\/x5tech.com.tr\/index.php\/wp-json\/wp\/v2\/pages"}],"about":[{"href":"https:\/\/x5tech.com.tr\/index.php\/wp-json\/wp\/v2\/types\/page"}],"author":[{"embeddable":true,"href":"https:\/\/x5tech.com.tr\/index.php\/wp-json\/wp\/v2\/users\/1"}],"replies":[{"embeddable":true,"href":"https:\/\/x5tech.com.tr\/index.php\/wp-json\/wp\/v2\/comments?post=921"}],"version-history":[{"count":1,"href":"https:\/\/x5tech.com.tr\/index.php\/wp-json\/wp\/v2\/pages\/921\/revisions"}],"predecessor-version":[{"id":922,"href":"https:\/\/x5tech.com.tr\/index.php\/wp-json\/wp\/v2\/pages\/921\/revisions\/922"}],"wp:attachment":[{"href":"https:\/\/x5tech.com.tr\/index.php\/wp-json\/wp\/v2\/media?parent=921"}],"curies":[{"name":"wp","href":"https:\/\/api.w.org\/{rel}","templated":true}]}}