{"id":514,"date":"2019-04-18T11:16:34","date_gmt":"2019-04-18T11:16:34","guid":{"rendered":"https:\/\/envothemes.com\/envo-ecommerce\/?page_id=53"},"modified":"2026-05-14T11:27:32","modified_gmt":"2026-05-14T11:27:32","slug":"about-us","status":"publish","type":"page","link":"https:\/\/x5tech.com.tr\/index.php\/about-us\/","title":{"rendered":"Hakk\u0131m\u0131zda"},"content":{"rendered":"\t\t<div data-elementor-type=\"wp-post\" data-elementor-id=\"514\" class=\"elementor elementor-514\">\n\t\t\t\t\t\t<section class=\"elementor-section elementor-top-section elementor-element elementor-element-2b5c2656 elementor-section-boxed elementor-section-height-default elementor-section-height-default\" data-id=\"2b5c2656\" data-element_type=\"section\" data-settings=\"{&quot;background_background&quot;:&quot;classic&quot;,&quot;shape_divider_bottom&quot;:&quot;pyramids&quot;}\">\n\t\t\t\t\t<div class=\"elementor-shape elementor-shape-bottom\" aria-hidden=\"true\" data-negative=\"false\">\n\t\t\t<svg xmlns=\"http:\/\/www.w3.org\/2000\/svg\" viewBox=\"0 0 1000 100\" preserveAspectRatio=\"none\">\n\t<path class=\"elementor-shape-fill\" d=\"M761.9,44.1L643.1,27.2L333.8,98L0,3.8V0l1000,0v3.9\"\/>\n<\/svg>\t\t<\/div>\n\t\t\t\t\t<div class=\"elementor-container elementor-column-gap-default\">\n\t\t\t\t\t<div class=\"elementor-column elementor-col-100 elementor-top-column elementor-element elementor-element-6a2380e3\" data-id=\"6a2380e3\" data-element_type=\"column\">\n\t\t\t<div class=\"elementor-widget-wrap elementor-element-populated\">\n\t\t\t\t\t\t<div class=\"elementor-element elementor-element-5cb5fbab elementor-widget elementor-widget-heading\" data-id=\"5cb5fbab\" data-element_type=\"widget\" data-widget_type=\"heading.default\">\n\t\t\t\t\t<h2 class=\"elementor-heading-title elementor-size-default\">Hakk\u0131m\u0131zda<\/h2>\t\t\t\t<\/div>\n\t\t\t\t<div class=\"elementor-element elementor-element-13a0f5ed elementor-widget-divider--view-line elementor-widget elementor-widget-divider\" data-id=\"13a0f5ed\" data-element_type=\"widget\" data-widget_type=\"divider.default\">\n\t\t\t\t\t\t\t<div class=\"elementor-divider\">\n\t\t\t<span class=\"elementor-divider-separator\">\n\t\t\t\t\t\t<\/span>\n\t\t<\/div>\n\t\t\t\t\t\t<\/div>\n\t\t\t\t\t<\/div>\n\t\t<\/div>\n\t\t\t\t\t<\/div>\n\t\t<\/section>\n\t\t\t\t<section class=\"elementor-section elementor-top-section elementor-element elementor-element-41b4fead elementor-reverse-mobile elementor-section-boxed elementor-section-height-default elementor-section-height-default\" data-id=\"41b4fead\" data-element_type=\"section\" data-settings=\"{&quot;background_background&quot;:&quot;classic&quot;}\">\n\t\t\t\t\t\t\t<div class=\"elementor-background-overlay\"><\/div>\n\t\t\t\t\t\t\t<div class=\"elementor-container elementor-column-gap-default\">\n\t\t\t\t\t<div class=\"elementor-column elementor-col-50 elementor-top-column elementor-element elementor-element-205bc7ca\" data-id=\"205bc7ca\" data-element_type=\"column\">\n\t\t\t<div class=\"elementor-widget-wrap elementor-element-populated\">\n\t\t\t\t\t\t<div class=\"elementor-element elementor-element-249d9a elementor-widget elementor-widget-heading\" data-id=\"249d9a\" data-element_type=\"widget\" data-widget_type=\"heading.default\">\n\t\t\t\t\t<h2 class=\"elementor-heading-title elementor-size-default\">Hakk\u0131m\u0131zda<\/h2>\t\t\t\t<\/div>\n\t\t\t\t<div class=\"elementor-element elementor-element-c8d7c01 elementor-widget elementor-widget-text-editor\" data-id=\"c8d7c01\" data-element_type=\"widget\" data-widget_type=\"text-editor.default\">\n\t\t\t\t\t\t\t\t\t<div class=\"qMYqUG_convSearchResultHighlightRoot\"><div class=\"\" data-turn-id-container=\"request-WEB:dc923e48-8a67-47f4-9ef5-6d58f9e20e12-14\" data-is-intersecting=\"true\"><div class=\"relative w-full overflow-visible\"><section class=\"text-token-text-primary w-full focus:outline-none [--shadow-height:45px] has-data-writing-block:pointer-events-none has-data-writing-block:-mt-(--shadow-height) has-data-writing-block:pt-(--shadow-height) [&amp;:has([data-writing-block])&gt;*]:pointer-events-auto R6Vx5W_threadScrollVars scroll-mb-[calc(var(--scroll-root-safe-area-inset-bottom,0px)+var(--thread-response-height))] scroll-mt-[calc(var(--header-height)+min(200px,max(70px,20svh)))]\" dir=\"auto\" data-turn-id=\"request-WEB:dc923e48-8a67-47f4-9ef5-6d58f9e20e12-14\" data-turn-id-container=\"request-WEB:dc923e48-8a67-47f4-9ef5-6d58f9e20e12-14\" data-testid=\"conversation-turn-34\" data-scroll-anchor=\"false\" data-turn=\"assistant\"><div class=\"text-base my-auto mx-auto pb-10 [--thread-content-margin:var(--thread-content-margin-xs,calc(var(--spacing)*4))] @w-sm\/main:[--thread-content-margin:var(--thread-content-margin-sm,calc(var(--spacing)*6))] @w-lg\/main:[--thread-content-margin:var(--thread-content-margin-lg,calc(var(--spacing)*16))] px-(--thread-content-margin)\"><div class=\"[--thread-content-max-width:40rem] @w-lg\/main:[--thread-content-max-width:48rem] mx-auto max-w-(--thread-content-max-width) flex-1 group\/turn-messages focus-visible:outline-hidden relative flex w-full min-w-0 flex-col agent-turn\"><div class=\"flex max-w-full flex-col gap-4 grow\"><div class=\"min-h-8 text-message relative flex w-full flex-col items-end gap-2 text-start break-words whitespace-normal outline-none keyboard-focused:focus-ring [.text-message+&amp;]:mt-1\" dir=\"auto\" tabindex=\"0\" data-message-author-role=\"assistant\" data-message-id=\"9afad400-903a-4a99-a23f-ac13ef0994f4\" data-message-model-slug=\"gpt-5-5\" data-turn-start-message=\"true\"><div class=\"flex w-full flex-col gap-1 empty:hidden\"><div class=\"markdown prose dark:prose-invert wrap-break-word w-full dark markdown-new-styling\"><p data-start=\"0\" data-end=\"543\">Apron G\u00fcvenlik Sistemleri Ltd. \u015eti. olarak, g\u00fcvenlik teknolojileri alan\u0131ndaki tecr\u00fcbemiz ve profesyonel hizmet anlay\u0131\u015f\u0131m\u0131zla, X5Tech markas\u0131n\u0131n T\u00fcrkiye distrib\u00fct\u00f6rl\u00fc\u011f\u00fcn\u00fc ve ithalat\u0131n\u0131 ger\u00e7ekle\u015ftirmekteyiz. Geli\u015fen teknolojiyi yak\u0131ndan takip ederek; g\u00fcvenlik kameralar\u0131, kay\u0131t sistemleri, ara\u00e7 kameralar\u0131, solar kamera \u00e7\u00f6z\u00fcmleri ve ak\u0131ll\u0131 g\u00fcvenlik ekipmanlar\u0131n\u0131 kullan\u0131c\u0131lar\u0131m\u0131zla bulu\u015fturuyoruz. Amac\u0131m\u0131z yaln\u0131zca \u00fcr\u00fcn sat\u0131\u015f\u0131 yapmak de\u011fil; kaliteli, uzun \u00f6m\u00fcrl\u00fc ve kullan\u0131c\u0131 dostu teknolojilerle ya\u015fam alanlar\u0131n\u0131 daha g\u00fcvenli hale getirmektir.<\/p><p data-start=\"545\" data-end=\"1031\" data-is-last-node=\"\" data-is-only-node=\"\"><a class=\"decorated-link\" href=\"http:\/\/www.x5tech.com.tr\" target=\"_new\" rel=\"noopener\" data-start=\"545\" data-end=\"562\">www.x5tech.com.tr<\/a> \u00fczerinden sundu\u011fumuz t\u00fcm \u00fcr\u00fcnlerde kalite, performans ve m\u00fc\u015fteri memnuniyetini \u00f6n planda tutuyor; bireysel ve kurumsal ihtiya\u00e7lara y\u00f6nelik modern g\u00fcvenlik \u00e7\u00f6z\u00fcmleri sunuyoruz. G\u00fc\u00e7l\u00fc teknik destek altyap\u0131m\u0131z, sat\u0131\u015f sonras\u0131 hizmet anlay\u0131\u015f\u0131m\u0131z ve yenilik\u00e7i \u00fcr\u00fcn portf\u00f6y\u00fcm\u00fcz ile T\u00fcrkiye\u2019nin d\u00f6rt bir yan\u0131ndaki m\u00fc\u015fterilerimize g\u00fcvenilir hizmet sa\u011flamaktay\u0131z. X5Tech markas\u0131n\u0131n teknolojik g\u00fcc\u00fcn\u00fc, Apron G\u00fcvenlik Sistemleri g\u00fcvencesiyle sizlere ula\u015ft\u0131rmaktan gurur duyuyoruz.<\/p><\/div><\/div><\/div><\/div><div class=\"z-0 flex min-h-[46px] justify-start\">\u00a0<\/div><div class=\"mt-3 w-full empty:hidden\"><div class=\"text-center\">\u00a0<\/div><\/div><\/div><\/div><\/section><div class=\"contents\">\u00a0<\/div><\/div><\/div><\/div><div class=\"pointer-events-none -mt-px h-px translate-y-[calc(var(--scroll-root-safe-area-inset-bottom)-14*var(--spacing))]\" aria-hidden=\"true\">\u00a0<\/div><p>\u00a0<\/p>\t\t\t\t\t\t\t\t<\/div>\n\t\t\t\t\t<\/div>\n\t\t<\/div>\n\t\t\t\t<div class=\"elementor-column elementor-col-50 elementor-top-column elementor-element elementor-element-18fb9eb3\" data-id=\"18fb9eb3\" data-element_type=\"column\" data-settings=\"{&quot;background_background&quot;:&quot;classic&quot;}\">\n\t\t\t<div class=\"elementor-widget-wrap elementor-element-populated\">\n\t\t\t\t\t<div class=\"elementor-background-overlay\"><\/div>\n\t\t\t\t\t\t<div class=\"elementor-element elementor-element-71b4145a elementor-widget elementor-widget-image\" data-id=\"71b4145a\" data-element_type=\"widget\" data-widget_type=\"image.default\">\n\t\t\t\t\t\t\t\t\t\t\t\t\t\t\t<img fetchpriority=\"high\" decoding=\"async\" width=\"847\" height=\"563\" src=\"https:\/\/x5tech.com.tr\/wp-content\/uploads\/2026\/01\/DSC_0009-1024x681.jpg\" class=\"attachment-large size-large wp-image-612\" alt=\"\" srcset=\"https:\/\/x5tech.com.tr\/wp-content\/uploads\/2026\/01\/DSC_0009-1024x681.jpg 1024w, https:\/\/x5tech.com.tr\/wp-content\/uploads\/2026\/01\/DSC_0009-300x199.jpg 300w, https:\/\/x5tech.com.tr\/wp-content\/uploads\/2026\/01\/DSC_0009-768x511.jpg 768w, https:\/\/x5tech.com.tr\/wp-content\/uploads\/2026\/01\/DSC_0009-1536x1021.jpg 1536w, https:\/\/x5tech.com.tr\/wp-content\/uploads\/2026\/01\/DSC_0009-2048x1362.jpg 2048w, https:\/\/x5tech.com.tr\/wp-content\/uploads\/2026\/01\/DSC_0009-600x399.jpg 600w\" sizes=\"(max-width: 847px) 100vw, 847px\" \/>\t\t\t\t\t\t\t\t\t\t\t\t\t\t\t<\/div>\n\t\t\t\t\t<\/div>\n\t\t<\/div>\n\t\t\t\t\t<\/div>\n\t\t<\/section>\n\t\t\t\t<\/div>\n\t\t","protected":false},"excerpt":{"rendered":"<p>Hakk\u0131m\u0131zda Hakk\u0131m\u0131zda Apron G\u00fcvenlik Sistemleri Ltd. \u015eti. olarak, g\u00fcvenlik teknolojileri alan\u0131ndaki tecr\u00fcbemiz ve profesyonel hizmet anlay\u0131\u015f\u0131m\u0131zla, X5Tech markas\u0131n\u0131n T\u00fcrkiye distrib\u00fct\u00f6rl\u00fc\u011f\u00fcn\u00fc ve ithalat\u0131n\u0131 ger\u00e7ekle\u015ftirmekteyiz. Geli\u015fen teknolojiyi yak\u0131ndan takip ederek; g\u00fcvenlik kameralar\u0131, kay\u0131t sistemleri, ara\u00e7 kameralar\u0131, solar kamera \u00e7\u00f6z\u00fcmleri ve ak\u0131ll\u0131 g\u00fcvenlik ekipmanlar\u0131n\u0131 kullan\u0131c\u0131lar\u0131m\u0131zla bulu\u015fturuyoruz. Amac\u0131m\u0131z yaln\u0131zca \u00fcr\u00fcn sat\u0131\u015f\u0131 yapmak de\u011fil; kaliteli, uzun \u00f6m\u00fcrl\u00fc ve kullan\u0131c\u0131 dostu&hellip;<\/p>\n","protected":false},"author":1,"featured_media":0,"parent":0,"menu_order":0,"comment_status":"closed","ping_status":"closed","template":"templates\/template-page-builders.php","meta":{"footnotes":""},"class_list":["post-514","page","type-page","status-publish","hentry"],"_links":{"self":[{"href":"https:\/\/x5tech.com.tr\/index.php\/wp-json\/wp\/v2\/pages\/514","targetHints":{"allow":["GET"]}}],"collection":[{"href":"https:\/\/x5tech.com.tr\/index.php\/wp-json\/wp\/v2\/pages"}],"about":[{"href":"https:\/\/x5tech.com.tr\/index.php\/wp-json\/wp\/v2\/types\/page"}],"author":[{"embeddable":true,"href":"https:\/\/x5tech.com.tr\/index.php\/wp-json\/wp\/v2\/users\/1"}],"replies":[{"embeddable":true,"href":"https:\/\/x5tech.com.tr\/index.php\/wp-json\/wp\/v2\/comments?post=514"}],"version-history":[{"count":21,"href":"https:\/\/x5tech.com.tr\/index.php\/wp-json\/wp\/v2\/pages\/514\/revisions"}],"predecessor-version":[{"id":928,"href":"https:\/\/x5tech.com.tr\/index.php\/wp-json\/wp\/v2\/pages\/514\/revisions\/928"}],"wp:attachment":[{"href":"https:\/\/x5tech.com.tr\/index.php\/wp-json\/wp\/v2\/media?parent=514"}],"curies":[{"name":"wp","href":"https:\/\/api.w.org\/{rel}","templated":true}]}}